{"id":5868,"date":"2020-11-26T15:52:11","date_gmt":"2020-11-26T12:52:11","guid":{"rendered":"https:\/\/avazu.gr\/product\/cheese-cake-stand-glass-with-foot-palladio-31x225cm\/"},"modified":"2026-02-16T11:16:18","modified_gmt":"2026-02-16T08:16:18","slug":"cheese-cake-stand-glass-with-foot-palladio-31x225cm-by-borgonovo","status":"publish","type":"product","link":"https:\/\/avazu.gr\/en\/product\/cheese-cake-stand-glass-with-foot-palladio-31x225cm-by-borgonovo\/","title":{"rendered":"Cheese &#038; cake stand glass with foot Palladio 31&#215;22,5cm by Borgonovo\u00ae"},"content":{"rendered":"<p>Cheese &#038; cake stand glass with foot Palladio 31&#215;22,5cm by Borgonovo\u00ae<\/p>\n<p>Description<\/p>\n<p>Elegant, versatile, and functional: this cake stand with a dome is a must-have for every modern table.<\/p>\n<p>4 Functions in 1<br \/>\n&#8211; Stand with Dome: perfect for serving cakes, desserts, or cheeses with a refined touch.<br \/>\n&#8211; Appetizer Plate: without the dome, it becomes an elegant serving plate.<br \/>\n&#8211; Tray: ideal for serving snacks, cookies, or finger foods.<br \/>\n&#8211; Bowl: by flipping the dome, it transforms into a spacious bowl for punch, sangria, or cocktails.<\/p>\n<p>Material: Durable pressed glass<br \/>\nDimensions:<br \/>\n\u2022 Plate: \u00d8 31 cm<br \/>\n\u2022 Dome: depth 12 cm<br \/>\n\u2022 Overall height with dome: 21 cm<br \/>\nMaintenance: Dishwasher safe<\/p>\n","protected":false},"excerpt":{"rendered":"<p><strong>(\u03a0\u03c1\u03bf\u03c4\u03b5\u03af\u03bd\u03b5\u03c4\u03b1\u03b9 \u03bc\u03cc\u03bd\u03bf \u03c0\u03b1\u03c1\u03b1\u03bb\u03b1\u03b2\u03ae \u03b1\u03c0\u03cc \u03ba\u03b1\u03c4\u03ac\u03c3\u03c4\u03b7\u03bc\u03b1).<br \/>\n\u03a4\u03bf \u03b1\u03bd\u03c4\u03b9\u03ba\u03b5\u03af\u03bc\u03b5\u03bd\u03bf \u03b1\u03c5\u03c4\u03cc \u03b1\u03c0\u03bf\u03c3\u03c4\u03ad\u03bb\u03bb\u03b5\u03c4\u03b1\u03b9 \u039c\u039f\u039d\u039f \u03ba\u03b1\u03c4\u03cc\u03c0\u03b9\u03bd \u03c3\u03c5\u03bd\u03b5\u03bd\u03bd\u03cc\u03b7\u03c3\u03b7\u03c2, \u03bc\u03b5 \u03b5\u03c5\u03b8\u03cd\u03bd\u03b7 \u03c4\u03bf\u03c5 \u03c0\u03b5\u03bb\u03ac\u03c4\u03b7 \u03bb\u03cc\u03b3\u03c9 \u03c4\u03b7\u03c2 \u03b5\u03c5\u03b1\u03b9\u03c3\u03b8\u03b7\u03c3\u03af\u03b1\u03c2 \u03c4\u03bf\u03c5 \u03c0\u03c1\u03bf\u03b9\u03cc\u03bd\u03c4\u03bf\u03c2 (\u0395\u03c5\u03b1\u03af\u03c3\u03b8\u03b7\u03c4\u03bf, \u03c3\u03c0\u03ac\u03b5\u03b9 \u03b5\u03cd\u03ba\u03bf\u03bb\u03b1).<br \/>\n\u03a4\u03bf \u03c0\u03c1\u03bf\u03b9\u03cc\u03bd \u03b1\u03c5\u03c4\u03cc \u03b1\u03c0\u03bf\u03c3\u03c4\u03ad\u03bb\u03bb\u03b5\u03c4\u03b1\u03b9 \u039c\u039f\u039d\u039f \u03bc\u03b5 \u03bc\u03b5\u03c4\u03b1\u03c6\u03bf\u03c1\u03b9\u03ba\u03ae \u03b5\u03c4\u03b1\u03b9\u03c1\u03af\u03b1 \u03b4\u03c9\u03c1\u03b5\u03ac\u03bd \u03ad\u03c9\u03c2 \u0391\u03b8\u03ae\u03bd\u03b1 \u03bb\u03cc\u03b3\u03c9 \u03b1\u03c5\u03be\u03b7\u03bc\u03ad\u03bd\u03bf\u03c5 \u03cc\u03b3\u03ba\u03bf\u03c5 \u03ba\u03b1\u03b9 \u03b2\u03ac\u03c1\u03bf\u03c5\u03c2.<br \/>\n\u03a4\u03b1 \u03bc\u03b5\u03c4\u03b1\u03c6\u03bf\u03c1\u03b9\u03ba\u03ac \u03bc\u03b5\u03c4\u03ad\u03c0\u03b5\u03b9\u03c4\u03b1 \u03b3\u03b9\u03b1 \u03bf\u03c0\u03bf\u03b9\u03bf\u03bd\u03b4\u03ae\u03c0\u03bf\u03c4\u03b5 \u03ac\u03bb\u03bb\u03bf \u03c0\u03c1\u03bf\u03bf\u03c1\u03b9\u03c3\u03bc\u03cc \u03b2\u03b1\u03c1\u03cd\u03bd\u03bf\u03c5\u03bd \u03c4\u03bf\u03bd \u03c0\u03b5\u03bb\u03ac\u03c4\u03b7 \u03ad\u03c0\u03b5\u03b9\u03c4\u03b1 \u03b1\u03c0\u03cc \u03c3\u03c5\u03bd\u03bd\u03b5\u03bd\u03cc\u03b7\u03c3\u03b7.<\/strong><em><\/p>\n","protected":false},"featured_media":5845,"comment_status":"open","ping_status":"closed","template":"","meta":{"spay_email":"","jetpack_publicize_message":"","jetpack_is_tweetstorm":false},"product_cat":[679,490,510,488],"product_tag":[722,677,690,709,718,719,692,712],"acf":[],"yoast_head":"<!-- This site is optimized with the Yoast SEO plugin v17.1 - https:\/\/yoast.com\/wordpress\/plugins\/seo\/ -->\n<title>Cheese &amp; cake stand glass with foot Palladio 31x22,5cm by Borgonovo\u00ae - Avazu<\/title>\n<meta name=\"robots\" content=\"index, follow, max-snippet:-1, max-image-preview:large, max-video-preview:-1\" \/>\n<link rel=\"canonical\" href=\"https:\/\/avazu.gr\/en\/product\/glykiera-tourtiera-pollaplon-chriseon-me-podi-gyalini-palladio-31x225cm\/\" \/>\n<meta property=\"og:locale\" content=\"en_US\" \/>\n<meta property=\"og:type\" content=\"article\" \/>\n<meta property=\"og:title\" content=\"Cheese &amp; cake stand glass with foot Palladio 31x22,5cm by Borgonovo\u00ae - Avazu\" \/>\n<meta property=\"og:description\" content=\"(\u03a0\u03c1\u03bf\u03c4\u03b5\u03af\u03bd\u03b5\u03c4\u03b1\u03b9 \u03bc\u03cc\u03bd\u03bf \u03c0\u03b1\u03c1\u03b1\u03bb\u03b1\u03b2\u03ae \u03b1\u03c0\u03cc \u03ba\u03b1\u03c4\u03ac\u03c3\u03c4\u03b7\u03bc\u03b1). \u03a4\u03bf \u03b1\u03bd\u03c4\u03b9\u03ba\u03b5\u03af\u03bc\u03b5\u03bd\u03bf \u03b1\u03c5\u03c4\u03cc \u03b1\u03c0\u03bf\u03c3\u03c4\u03ad\u03bb\u03bb\u03b5\u03c4\u03b1\u03b9 \u039c\u039f\u039d\u039f \u03ba\u03b1\u03c4\u03cc\u03c0\u03b9\u03bd \u03c3\u03c5\u03bd\u03b5\u03bd\u03bd\u03cc\u03b7\u03c3\u03b7\u03c2, \u03bc\u03b5 \u03b5\u03c5\u03b8\u03cd\u03bd\u03b7 \u03c4\u03bf\u03c5 \u03c0\u03b5\u03bb\u03ac\u03c4\u03b7 \u03bb\u03cc\u03b3\u03c9 \u03c4\u03b7\u03c2 \u03b5\u03c5\u03b1\u03b9\u03c3\u03b8\u03b7\u03c3\u03af\u03b1\u03c2 \u03c4\u03bf\u03c5 \u03c0\u03c1\u03bf\u03b9\u03cc\u03bd\u03c4\u03bf\u03c2 (\u0395\u03c5\u03b1\u03af\u03c3\u03b8\u03b7\u03c4\u03bf, \u03c3\u03c0\u03ac\u03b5\u03b9 \u03b5\u03cd\u03ba\u03bf\u03bb\u03b1). \u03a4\u03bf \u03c0\u03c1\u03bf\u03b9\u03cc\u03bd \u03b1\u03c5\u03c4\u03cc \u03b1\u03c0\u03bf\u03c3\u03c4\u03ad\u03bb\u03bb\u03b5\u03c4\u03b1\u03b9 \u039c\u039f\u039d\u039f \u03bc\u03b5 \u03bc\u03b5\u03c4\u03b1\u03c6\u03bf\u03c1\u03b9\u03ba\u03ae \u03b5\u03c4\u03b1\u03b9\u03c1\u03af\u03b1 \u03b4\u03c9\u03c1\u03b5\u03ac\u03bd \u03ad\u03c9\u03c2 \u0391\u03b8\u03ae\u03bd\u03b1 \u03bb\u03cc\u03b3\u03c9 \u03b1\u03c5\u03be\u03b7\u03bc\u03ad\u03bd\u03bf\u03c5 \u03cc\u03b3\u03ba\u03bf\u03c5 \u03ba\u03b1\u03b9 \u03b2\u03ac\u03c1\u03bf\u03c5\u03c2. \u03a4\u03b1 \u03bc\u03b5\u03c4\u03b1\u03c6\u03bf\u03c1\u03b9\u03ba\u03ac \u03bc\u03b5\u03c4\u03ad\u03c0\u03b5\u03b9\u03c4\u03b1 \u03b3\u03b9\u03b1 \u03bf\u03c0\u03bf\u03b9\u03bf\u03bd\u03b4\u03ae\u03c0\u03bf\u03c4\u03b5 \u03ac\u03bb\u03bb\u03bf \u03c0\u03c1\u03bf\u03bf\u03c1\u03b9\u03c3\u03bc\u03cc \u03b2\u03b1\u03c1\u03cd\u03bd\u03bf\u03c5\u03bd \u03c4\u03bf\u03bd \u03c0\u03b5\u03bb\u03ac\u03c4\u03b7 \u03ad\u03c0\u03b5\u03b9\u03c4\u03b1 \u03b1\u03c0\u03cc \u03c3\u03c5\u03bd\u03bd\u03b5\u03bd\u03cc\u03b7\u03c3\u03b7.\" \/>\n<meta property=\"og:url\" content=\"https:\/\/avazu.gr\/product\/glykiera-tourtiera-pollaplon-chriseon-me-podi-gyalini-palladio-31x225cm\/\" \/>\n<meta property=\"og:site_name\" content=\"Avazu\" \/>\n<meta property=\"article:publisher\" content=\"https:\/\/www.facebook.com\/PapagiannakosDimitrios\" \/>\n<meta property=\"article:modified_time\" content=\"2026-02-16T08:16:18+00:00\" \/>\n<meta property=\"og:image\" content=\"https:\/\/avazu.gr\/wp-content\/uploads\/2020\/11\/Palladio-\u03ba\u03c5\u03c1\u03c4\u03ae-3.jpg\" \/>\n\t<meta property=\"og:image:width\" content=\"1500\" \/>\n\t<meta property=\"og:image:height\" content=\"1454\" \/>\n<meta name=\"twitter:card\" content=\"summary_large_image\" \/>\n<meta name=\"twitter:label1\" content=\"Est. reading time\" \/>\n\t<meta name=\"twitter:data1\" content=\"1 minute\" \/>\n<script type=\"application\/ld+json\" class=\"yoast-schema-graph\">{\"@context\":\"https:\/\/schema.org\",\"@graph\":[{\"@type\":[\"Person\",\"Organization\"],\"@id\":\"https:\/\/avazu.gr\/#\/schema\/person\/c83849dfef03bee1493f70e01266bc99\",\"name\":\"avazu\",\"image\":{\"@type\":\"ImageObject\",\"@id\":\"https:\/\/avazu.gr\/#personlogo\",\"inLanguage\":\"en-US\",\"url\":\"https:\/\/secure.gravatar.com\/avatar\/3acc29c7249a0de358fdc8c88eddf8fa?s=96&d=mm&r=g\",\"contentUrl\":\"https:\/\/secure.gravatar.com\/avatar\/3acc29c7249a0de358fdc8c88eddf8fa?s=96&d=mm&r=g\",\"caption\":\"avazu\"},\"logo\":{\"@id\":\"https:\/\/avazu.gr\/#personlogo\"},\"sameAs\":[\"https:\/\/avazu.gr\/\",\"https:\/\/www.facebook.com\/PapagiannakosDimitrios\",\"https:\/\/gr.pinterest.com\/gibagante\/_saved\/\"]},{\"@type\":\"WebSite\",\"@id\":\"https:\/\/avazu.gr\/#website\",\"url\":\"https:\/\/avazu.gr\/\",\"name\":\"Avazu\",\"description\":\"\",\"publisher\":{\"@id\":\"https:\/\/avazu.gr\/#\/schema\/person\/c83849dfef03bee1493f70e01266bc99\"},\"potentialAction\":[{\"@type\":\"SearchAction\",\"target\":{\"@type\":\"EntryPoint\",\"urlTemplate\":\"https:\/\/avazu.gr\/?s={search_term_string}\"},\"query-input\":\"required name=search_term_string\"}],\"inLanguage\":\"en-US\"},{\"@type\":\"ImageObject\",\"@id\":\"https:\/\/avazu.gr\/product\/glykiera-tourtiera-pollaplon-chriseon-me-podi-gyalini-palladio-31x225cm\/#primaryimage\",\"inLanguage\":\"en-US\",\"url\":\"https:\/\/avazu.gr\/wp-content\/uploads\/2020\/11\/Palladio-\\u03ba\\u03c5\\u03c1\\u03c4\\u03ae-3.jpg\",\"contentUrl\":\"https:\/\/avazu.gr\/wp-content\/uploads\/2020\/11\/Palladio-\\u03ba\\u03c5\\u03c1\\u03c4\\u03ae-3.jpg\",\"width\":1500,\"height\":1454},{\"@type\":\"WebPage\",\"@id\":\"https:\/\/avazu.gr\/product\/glykiera-tourtiera-pollaplon-chriseon-me-podi-gyalini-palladio-31x225cm\/#webpage\",\"url\":\"https:\/\/avazu.gr\/product\/glykiera-tourtiera-pollaplon-chriseon-me-podi-gyalini-palladio-31x225cm\/\",\"name\":\"Cheese & cake stand glass with foot Palladio 31x22,5cm by Borgonovo\\u00ae - Avazu\",\"isPartOf\":{\"@id\":\"https:\/\/avazu.gr\/#website\"},\"primaryImageOfPage\":{\"@id\":\"https:\/\/avazu.gr\/product\/glykiera-tourtiera-pollaplon-chriseon-me-podi-gyalini-palladio-31x225cm\/#primaryimage\"},\"datePublished\":\"2020-11-26T12:52:11+00:00\",\"dateModified\":\"2026-02-16T08:16:18+00:00\",\"breadcrumb\":{\"@id\":\"https:\/\/avazu.gr\/product\/glykiera-tourtiera-pollaplon-chriseon-me-podi-gyalini-palladio-31x225cm\/#breadcrumb\"},\"inLanguage\":\"en-US\",\"potentialAction\":[{\"@type\":\"ReadAction\",\"target\":[\"https:\/\/avazu.gr\/product\/glykiera-tourtiera-pollaplon-chriseon-me-podi-gyalini-palladio-31x225cm\/\"]}]},{\"@type\":\"BreadcrumbList\",\"@id\":\"https:\/\/avazu.gr\/product\/glykiera-tourtiera-pollaplon-chriseon-me-podi-gyalini-palladio-31x225cm\/#breadcrumb\",\"itemListElement\":[{\"@type\":\"ListItem\",\"position\":1,\"name\":\"\\u0391\\u03c1\\u03c7\\u03b9\\u03ba\\u03ae\",\"item\":\"https:\/\/avazu.gr\/en\/\"},{\"@type\":\"ListItem\",\"position\":2,\"name\":\"SHOP\",\"item\":\"https:\/\/avazu.gr\/en\/shop\/\"},{\"@type\":\"ListItem\",\"position\":3,\"name\":\"Cheese &#038; cake stand glass with foot Palladio 31&#215;22,5cm by Borgonovo\\u00ae\"}]}]}<\/script>\n<!-- \/ Yoast SEO plugin. -->","yoast_head_json":{"title":"Cheese & cake stand glass with foot Palladio 31x22,5cm by Borgonovo\u00ae - Avazu","robots":{"index":"index","follow":"follow","max-snippet":"max-snippet:-1","max-image-preview":"max-image-preview:large","max-video-preview":"max-video-preview:-1"},"canonical":"https:\/\/avazu.gr\/en\/product\/glykiera-tourtiera-pollaplon-chriseon-me-podi-gyalini-palladio-31x225cm\/","og_locale":"en_US","og_type":"article","og_title":"Cheese & cake stand glass with foot Palladio 31x22,5cm by Borgonovo\u00ae - Avazu","og_description":"(\u03a0\u03c1\u03bf\u03c4\u03b5\u03af\u03bd\u03b5\u03c4\u03b1\u03b9 \u03bc\u03cc\u03bd\u03bf \u03c0\u03b1\u03c1\u03b1\u03bb\u03b1\u03b2\u03ae \u03b1\u03c0\u03cc \u03ba\u03b1\u03c4\u03ac\u03c3\u03c4\u03b7\u03bc\u03b1). \u03a4\u03bf \u03b1\u03bd\u03c4\u03b9\u03ba\u03b5\u03af\u03bc\u03b5\u03bd\u03bf \u03b1\u03c5\u03c4\u03cc \u03b1\u03c0\u03bf\u03c3\u03c4\u03ad\u03bb\u03bb\u03b5\u03c4\u03b1\u03b9 \u039c\u039f\u039d\u039f \u03ba\u03b1\u03c4\u03cc\u03c0\u03b9\u03bd \u03c3\u03c5\u03bd\u03b5\u03bd\u03bd\u03cc\u03b7\u03c3\u03b7\u03c2, \u03bc\u03b5 \u03b5\u03c5\u03b8\u03cd\u03bd\u03b7 \u03c4\u03bf\u03c5 \u03c0\u03b5\u03bb\u03ac\u03c4\u03b7 \u03bb\u03cc\u03b3\u03c9 \u03c4\u03b7\u03c2 \u03b5\u03c5\u03b1\u03b9\u03c3\u03b8\u03b7\u03c3\u03af\u03b1\u03c2 \u03c4\u03bf\u03c5 \u03c0\u03c1\u03bf\u03b9\u03cc\u03bd\u03c4\u03bf\u03c2 (\u0395\u03c5\u03b1\u03af\u03c3\u03b8\u03b7\u03c4\u03bf, \u03c3\u03c0\u03ac\u03b5\u03b9 \u03b5\u03cd\u03ba\u03bf\u03bb\u03b1). \u03a4\u03bf \u03c0\u03c1\u03bf\u03b9\u03cc\u03bd \u03b1\u03c5\u03c4\u03cc \u03b1\u03c0\u03bf\u03c3\u03c4\u03ad\u03bb\u03bb\u03b5\u03c4\u03b1\u03b9 \u039c\u039f\u039d\u039f \u03bc\u03b5 \u03bc\u03b5\u03c4\u03b1\u03c6\u03bf\u03c1\u03b9\u03ba\u03ae \u03b5\u03c4\u03b1\u03b9\u03c1\u03af\u03b1 \u03b4\u03c9\u03c1\u03b5\u03ac\u03bd \u03ad\u03c9\u03c2 \u0391\u03b8\u03ae\u03bd\u03b1 \u03bb\u03cc\u03b3\u03c9 \u03b1\u03c5\u03be\u03b7\u03bc\u03ad\u03bd\u03bf\u03c5 \u03cc\u03b3\u03ba\u03bf\u03c5 \u03ba\u03b1\u03b9 \u03b2\u03ac\u03c1\u03bf\u03c5\u03c2. \u03a4\u03b1 \u03bc\u03b5\u03c4\u03b1\u03c6\u03bf\u03c1\u03b9\u03ba\u03ac \u03bc\u03b5\u03c4\u03ad\u03c0\u03b5\u03b9\u03c4\u03b1 \u03b3\u03b9\u03b1 \u03bf\u03c0\u03bf\u03b9\u03bf\u03bd\u03b4\u03ae\u03c0\u03bf\u03c4\u03b5 \u03ac\u03bb\u03bb\u03bf \u03c0\u03c1\u03bf\u03bf\u03c1\u03b9\u03c3\u03bc\u03cc \u03b2\u03b1\u03c1\u03cd\u03bd\u03bf\u03c5\u03bd \u03c4\u03bf\u03bd \u03c0\u03b5\u03bb\u03ac\u03c4\u03b7 \u03ad\u03c0\u03b5\u03b9\u03c4\u03b1 \u03b1\u03c0\u03cc \u03c3\u03c5\u03bd\u03bd\u03b5\u03bd\u03cc\u03b7\u03c3\u03b7.","og_url":"https:\/\/avazu.gr\/product\/glykiera-tourtiera-pollaplon-chriseon-me-podi-gyalini-palladio-31x225cm\/","og_site_name":"Avazu","article_publisher":"https:\/\/www.facebook.com\/PapagiannakosDimitrios","article_modified_time":"2026-02-16T08:16:18+00:00","og_image":[{"width":1500,"height":1454,"url":"https:\/\/avazu.gr\/wp-content\/uploads\/2020\/11\/Palladio-\u03ba\u03c5\u03c1\u03c4\u03ae-3.jpg","path":"\/usr\/local\/lsws\/www\/avazu.gr\/html\/wp-content\/uploads\/2020\/11\/Palladio-\u03ba\u03c5\u03c1\u03c4\u03ae-3.jpg","size":"full","id":5845,"alt":"","pixels":2181000,"type":"image\/jpeg"}],"twitter_card":"summary_large_image","twitter_misc":{"Est. reading time":"1 minute"},"schema":{"@context":"https:\/\/schema.org","@graph":[{"@type":["Person","Organization"],"@id":"https:\/\/avazu.gr\/#\/schema\/person\/c83849dfef03bee1493f70e01266bc99","name":"avazu","image":{"@type":"ImageObject","@id":"https:\/\/avazu.gr\/#personlogo","inLanguage":"en-US","url":"https:\/\/secure.gravatar.com\/avatar\/3acc29c7249a0de358fdc8c88eddf8fa?s=96&d=mm&r=g","contentUrl":"https:\/\/secure.gravatar.com\/avatar\/3acc29c7249a0de358fdc8c88eddf8fa?s=96&d=mm&r=g","caption":"avazu"},"logo":{"@id":"https:\/\/avazu.gr\/#personlogo"},"sameAs":["https:\/\/avazu.gr\/","https:\/\/www.facebook.com\/PapagiannakosDimitrios","https:\/\/gr.pinterest.com\/gibagante\/_saved\/"]},{"@type":"WebSite","@id":"https:\/\/avazu.gr\/#website","url":"https:\/\/avazu.gr\/","name":"Avazu","description":"","publisher":{"@id":"https:\/\/avazu.gr\/#\/schema\/person\/c83849dfef03bee1493f70e01266bc99"},"potentialAction":[{"@type":"SearchAction","target":{"@type":"EntryPoint","urlTemplate":"https:\/\/avazu.gr\/?s={search_term_string}"},"query-input":"required name=search_term_string"}],"inLanguage":"en-US"},{"@type":"ImageObject","@id":"https:\/\/avazu.gr\/product\/glykiera-tourtiera-pollaplon-chriseon-me-podi-gyalini-palladio-31x225cm\/#primaryimage","inLanguage":"en-US","url":"https:\/\/avazu.gr\/wp-content\/uploads\/2020\/11\/Palladio-\u03ba\u03c5\u03c1\u03c4\u03ae-3.jpg","contentUrl":"https:\/\/avazu.gr\/wp-content\/uploads\/2020\/11\/Palladio-\u03ba\u03c5\u03c1\u03c4\u03ae-3.jpg","width":1500,"height":1454},{"@type":"WebPage","@id":"https:\/\/avazu.gr\/product\/glykiera-tourtiera-pollaplon-chriseon-me-podi-gyalini-palladio-31x225cm\/#webpage","url":"https:\/\/avazu.gr\/product\/glykiera-tourtiera-pollaplon-chriseon-me-podi-gyalini-palladio-31x225cm\/","name":"Cheese & cake stand glass with foot Palladio 31x22,5cm by Borgonovo\u00ae - Avazu","isPartOf":{"@id":"https:\/\/avazu.gr\/#website"},"primaryImageOfPage":{"@id":"https:\/\/avazu.gr\/product\/glykiera-tourtiera-pollaplon-chriseon-me-podi-gyalini-palladio-31x225cm\/#primaryimage"},"datePublished":"2020-11-26T12:52:11+00:00","dateModified":"2026-02-16T08:16:18+00:00","breadcrumb":{"@id":"https:\/\/avazu.gr\/product\/glykiera-tourtiera-pollaplon-chriseon-me-podi-gyalini-palladio-31x225cm\/#breadcrumb"},"inLanguage":"en-US","potentialAction":[{"@type":"ReadAction","target":["https:\/\/avazu.gr\/product\/glykiera-tourtiera-pollaplon-chriseon-me-podi-gyalini-palladio-31x225cm\/"]}]},{"@type":"BreadcrumbList","@id":"https:\/\/avazu.gr\/product\/glykiera-tourtiera-pollaplon-chriseon-me-podi-gyalini-palladio-31x225cm\/#breadcrumb","itemListElement":[{"@type":"ListItem","position":1,"name":"\u0391\u03c1\u03c7\u03b9\u03ba\u03ae","item":"https:\/\/avazu.gr\/en\/"},{"@type":"ListItem","position":2,"name":"SHOP","item":"https:\/\/avazu.gr\/en\/shop\/"},{"@type":"ListItem","position":3,"name":"Cheese &#038; cake stand glass with foot Palladio 31&#215;22,5cm by Borgonovo\u00ae"}]}]}},"jetpack_publicize_connections":[],"jetpack-related-posts":[{"id":5892,"url":"https:\/\/avazu.gr\/en\/product\/glass-stand-with-dome-cake-stand-palladio-31x31cm-by-borgonovo\/","url_meta":{"origin":5868,"position":0},"title":"Glass stand with dome cake stand Palladio 31x31cm by Borgonovo\u00ae","date":"26 November 2020","format":false,"excerpt":"Glass stand with dome cake stand Palladio 31x31cm by Borgonovo\u00ae \u0394\u03b9\u03ac\u03bc\u03b5\u03c4\u03c1\u03bf\u03c2 (cm) 31cm \u038e\u03c8\u03bf\u03c2 (cm) 31cm \u03a4\u03b5\u03bb\u03b9\u03ba\u03cc \u03b2\u03ac\u03c1\u03bf\u03c2 (kg) 4.13 kg \u039a\u03b1\u03b8\u03b1\u03c1\u03cc \u03b2\u03ac\u03c1\u03bf\u03c2 (kg) 3.7 kg","rel":"","context":"Similar post","img":{"alt_text":"","src":"https:\/\/i2.wp.com\/avazu.gr\/wp-content\/uploads\/2020\/11\/512989_1.jpg?resize=350%2C200&ssl=1","width":350,"height":200},"classes":[]},{"id":5915,"url":"https:\/\/avazu.gr\/en\/product\/glass-cake-stand-with-dome-for-multiple-uses-palladio\/","url_meta":{"origin":5868,"position":1},"title":"Glass cake stand with dome for multiple uses Palladio 31\u00d722,5cm","date":"26 November 2020","format":false,"excerpt":"Glass cake stand with dome for multiple uses Palladio 31\u00d722,5cm","rel":"","context":"Similar post","img":{"alt_text":"Glass cake stand with dome for multiple uses Palladio 31\u00d722,5cm","src":"https:\/\/i0.wp.com\/avazu.gr\/wp-content\/uploads\/2020\/11\/Palladio-\u03af\u03c3\u03b9\u03b1-5.jpg?resize=350%2C200&ssl=1","width":350,"height":200},"classes":[]},{"id":923600,"url":"https:\/\/avazu.gr\/en\/product\/glass-footed-cheese-cake-plate-with-dome-palladio-22x26cm-by-borgonovo\/","url_meta":{"origin":5868,"position":2},"title":"Glass footed cheese cake plate with dome Palladio 22x26cm by Borgonovo\u00ae","date":"9 February 2022","format":false,"excerpt":"\u03a4\u03bf \u03b1\u03bd\u03c4\u03b9\u03ba\u03b5\u03af\u03bc\u03b5\u03bd\u03bf \u03b1\u03c5\u03c4\u03cc \u03b1\u03c0\u03bf\u03c3\u03c4\u03ad\u03bb\u03bb\u03b5\u03c4\u03b1\u03b9 \u039c\u039f\u039d\u039f \u03ba\u03b1\u03c4\u03cc\u03c0\u03b9\u03bd \u03c3\u03c5\u03bd\u03b5\u03bd\u03bd\u03cc\u03b7\u03c3\u03b7\u03c2, \u03bc\u03b5 \u03b5\u03c5\u03b8\u03cd\u03bd\u03b7 \u03c4\u03bf\u03c5 \u03c0\u03b5\u03bb\u03ac\u03c4\u03b7 \u03bb\u03cc\u03b3\u03c9 \u03c4\u03b7\u03c2 \u03b5\u03c5\u03b1\u03b9\u03c3\u03b8\u03b7\u03c3\u03af\u03b1\u03c2 \u03c4\u03bf\u03c5 \u03c0\u03c1\u03bf\u03b9\u03cc\u03bd\u03c4\u03bf\u03c2 (\u0395\u03c5\u03b1\u03af\u03c3\u03b8\u03b7\u03c4\u03bf, \u03c3\u03c0\u03ac\u03b5\u03b9 \u03b5\u03cd\u03ba\u03bf\u03bb\u03b1).","rel":"","context":"Similar post","img":{"alt_text":"","src":"https:\/\/i2.wp.com\/avazu.gr\/wp-content\/uploads\/2022\/02\/01.65039.jpg?resize=350%2C200&ssl=1","width":350,"height":200},"classes":[]},{"id":923572,"url":"https:\/\/avazu.gr\/en\/product\/glass-cheese-cake-plate-with-dome-palladio-22x14x22cm-by-borgonovo\/","url_meta":{"origin":5868,"position":3},"title":"Glass cheese cake plate with dome Palladio 22x14x22cm by Borgonovo\u00ae","date":"9 February 2022","format":false,"excerpt":"\u03a4\u03bf \u03b1\u03bd\u03c4\u03b9\u03ba\u03b5\u03af\u03bc\u03b5\u03bd\u03bf \u03b1\u03c5\u03c4\u03cc \u03b1\u03c0\u03bf\u03c3\u03c4\u03ad\u03bb\u03bb\u03b5\u03c4\u03b1\u03b9 \u039c\u039f\u039d\u039f \u03ba\u03b1\u03c4\u03cc\u03c0\u03b9\u03bd \u03c3\u03c5\u03bd\u03b5\u03bd\u03bd\u03cc\u03b7\u03c3\u03b7\u03c2, \u03bc\u03b5 \u03b5\u03c5\u03b8\u03cd\u03bd\u03b7 \u03c4\u03bf\u03c5 \u03c0\u03b5\u03bb\u03ac\u03c4\u03b7 \u03bb\u03cc\u03b3\u03c9 \u03c4\u03b7\u03c2 \u03b5\u03c5\u03b1\u03b9\u03c3\u03b8\u03b7\u03c3\u03af\u03b1\u03c2 \u03c4\u03bf\u03c5 \u03c0\u03c1\u03bf\u03b9\u03cc\u03bd\u03c4\u03bf\u03c2 (\u0395\u03c5\u03b1\u03af\u03c3\u03b8\u03b7\u03c4\u03bf, \u03c3\u03c0\u03ac\u03b5\u03b9 \u03b5\u03cd\u03ba\u03bf\u03bb\u03b1).","rel":"","context":"Similar post","img":{"alt_text":"","src":"https:\/\/i1.wp.com\/avazu.gr\/wp-content\/uploads\/2022\/02\/01.65038.jpg?resize=350%2C200&ssl=1","width":350,"height":200},"classes":[]},{"id":923592,"url":"https:\/\/avazu.gr\/en\/product\/glass-cheese-cake-plate-with-dome-palladio-31x31x15cm-by-borgonovo\/","url_meta":{"origin":5868,"position":4},"title":"Glass cheese cake plate with dome Palladio 31x31x15cm by Borgonovo\u00ae","date":"9 February 2022","format":false,"excerpt":"\u03a4\u03bf \u03b1\u03bd\u03c4\u03b9\u03ba\u03b5\u03af\u03bc\u03b5\u03bd\u03bf \u03b1\u03c5\u03c4\u03cc \u03b1\u03c0\u03bf\u03c3\u03c4\u03ad\u03bb\u03bb\u03b5\u03c4\u03b1\u03b9 \u039c\u039f\u039d\u039f \u03ba\u03b1\u03c4\u03cc\u03c0\u03b9\u03bd \u03c3\u03c5\u03bd\u03b5\u03bd\u03bd\u03cc\u03b7\u03c3\u03b7\u03c2, \u03bc\u03b5 \u03b5\u03c5\u03b8\u03cd\u03bd\u03b7 \u03c4\u03bf\u03c5 \u03c0\u03b5\u03bb\u03ac\u03c4\u03b7 \u03bb\u03cc\u03b3\u03c9 \u03c4\u03b7\u03c2 \u03b5\u03c5\u03b1\u03b9\u03c3\u03b8\u03b7\u03c3\u03af\u03b1\u03c2 \u03c4\u03bf\u03c5 \u03c0\u03c1\u03bf\u03b9\u03cc\u03bd\u03c4\u03bf\u03c2 (\u0395\u03c5\u03b1\u03af\u03c3\u03b8\u03b7\u03c4\u03bf, \u03c3\u03c0\u03ac\u03b5\u03b9 \u03b5\u03cd\u03ba\u03bf\u03bb\u03b1).","rel":"","context":"Similar post","img":{"alt_text":"","src":"https:\/\/i0.wp.com\/avazu.gr\/wp-content\/uploads\/2022\/02\/tourtiera_palladio_0165036.jpg?resize=350%2C200&ssl=1","width":350,"height":200},"classes":[]},{"id":5935,"url":"https:\/\/avazu.gr\/en\/product\/glass-footed-cake-stand-with-dome-32x25cm-by-pasabahce\/","url_meta":{"origin":5868,"position":5},"title":"Glass footed cake stand with dome 32x25cm by Pasabahce\u00ae","date":"27 November 2020","format":false,"excerpt":"\u03a4\u03bf \u03b1\u03bd\u03c4\u03b9\u03ba\u03b5\u03af\u03bc\u03b5\u03bd\u03bf \u03b1\u03c5\u03c4\u03cc \u03b1\u03c0\u03bf\u03c3\u03c4\u03ad\u03bb\u03bb\u03b5\u03c4\u03b1\u03b9 \u039c\u039f\u039d\u039f \u03ba\u03b1\u03c4\u03cc\u03c0\u03b9\u03bd \u03c3\u03c5\u03bd\u03b5\u03bd\u03bd\u03cc\u03b7\u03c3\u03b7\u03c2, \u03bc\u03b5 \u03b5\u03c5\u03b8\u03cd\u03bd\u03b7 \u03c4\u03bf\u03c5 \u03c0\u03b5\u03bb\u03ac\u03c4\u03b7 \u03bb\u03cc\u03b3\u03c9 \u03c4\u03b7\u03c2 \u03b5\u03c5\u03b1\u03b9\u03c3\u03b8\u03b7\u03c3\u03af\u03b1\u03c2 \u03c4\u03bf\u03c5 \u03c0\u03c1\u03bf\u03b9\u03cc\u03bd\u03c4\u03bf\u03c2 (\u0395\u03c5\u03b1\u03af\u03c3\u03b8\u03b7\u03c4\u03bf, \u03c3\u03c0\u03ac\u03b5\u03b9 \u03b5\u03cd\u03ba\u03bf\u03bb\u03b1). \u03a4\u03bf\u03c5\u03c1\u03c4\u03b9\u03ad\u03c1\u03b1 \u03b3\u03bb\u03c5\u03ba\u03b9\u03ad\u03c1\u03b1 \u03b3\u03c5\u03ac\u03bb\u03b9\u03bd\u03b7 \u03bc\u03b5 \u03ba\u03b1\u03c0\u03ac\u03ba\u03b9 & \u03c0\u03cc\u03b4\u03b9 32x25cm Pasabache\u00ae Line Patisserie was produced by the Turkish Pasabahce which is the world leader in the production of glass. The line features a\u2026","rel":"","context":"Similar post","img":{"alt_text":"","src":"https:\/\/i1.wp.com\/avazu.gr\/wp-content\/uploads\/2020\/11\/22712564_1758343110904119_3360523264404178955_o.jpg?resize=350%2C200&ssl=1","width":350,"height":200},"classes":[]}],"jetpack_sharing_enabled":true,"jetpack_likes_enabled":true,"_links":{"self":[{"href":"https:\/\/avazu.gr\/en\/wp-json\/wp\/v2\/product\/5868"}],"collection":[{"href":"https:\/\/avazu.gr\/en\/wp-json\/wp\/v2\/product"}],"about":[{"href":"https:\/\/avazu.gr\/en\/wp-json\/wp\/v2\/types\/product"}],"replies":[{"embeddable":true,"href":"https:\/\/avazu.gr\/en\/wp-json\/wp\/v2\/comments?post=5868"}],"wp:featuredmedia":[{"embeddable":true,"href":"https:\/\/avazu.gr\/en\/wp-json\/wp\/v2\/media\/5845"}],"wp:attachment":[{"href":"https:\/\/avazu.gr\/en\/wp-json\/wp\/v2\/media?parent=5868"}],"wp:term":[{"taxonomy":"product_cat","embeddable":true,"href":"https:\/\/avazu.gr\/en\/wp-json\/wp\/v2\/product_cat?post=5868"},{"taxonomy":"product_tag","embeddable":true,"href":"https:\/\/avazu.gr\/en\/wp-json\/wp\/v2\/product_tag?post=5868"}],"curies":[{"name":"wp","href":"https:\/\/api.w.org\/{rel}","templated":true}]}}