{"id":939899,"date":"2022-10-11T09:45:28","date_gmt":"2022-10-11T06:45:28","guid":{"rendered":"https:\/\/avazu.gr\/?post_type=product&#038;p=939899"},"modified":"2022-10-11T09:50:35","modified_gmt":"2022-10-11T06:50:35","slug":"xmas-plastic-carousel-with-light-music-movement-21x38cm-by-a-i-decorations","status":"publish","type":"product","link":"https:\/\/avazu.gr\/en\/product\/xmas-plastic-carousel-with-light-music-movement-21x38cm-by-a-i-decorations\/","title":{"rendered":"Xmas plastic carousel with light music &#038; movement 21x38cm by A.I. Decorations\u00ae"},"content":{"rendered":"<p>Xmas plastic carousel with light music &#038; movement 21x38cm by A.I. Decorations\u00ae<\/p>\n","protected":false},"excerpt":{"rendered":"<p>Xmas plastic carousel with light music &#038; movement 21x38cm by A.I. Decorations\u00ae<\/p>\n","protected":false},"featured_media":939901,"comment_status":"open","ping_status":"closed","template":"","meta":{"spay_email":"","jetpack_publicize_message":"","jetpack_is_tweetstorm":false},"product_cat":[544,511],"product_tag":[3145,548,550,546,551,574,593,694,552,553],"acf":[],"yoast_head":"<!-- This site is optimized with the Yoast SEO plugin v17.1 - https:\/\/yoast.com\/wordpress\/plugins\/seo\/ -->\n<title>Xmas plastic carousel with light music &amp; movement 21x38cm by A.I. Decorations\u00ae - Avazu<\/title>\n<meta name=\"robots\" content=\"index, follow, max-snippet:-1, max-image-preview:large, max-video-preview:-1\" \/>\n<link rel=\"canonical\" href=\"https:\/\/avazu.gr\/en\/product\/xmas-plastic-carousel-with-light-music-movement-21x38cm-by-a-i-decorations\/\" \/>\n<meta property=\"og:locale\" content=\"en_US\" \/>\n<meta property=\"og:type\" content=\"article\" \/>\n<meta property=\"og:title\" content=\"Xmas plastic carousel with light music &amp; movement 21x38cm by A.I. Decorations\u00ae - Avazu\" \/>\n<meta property=\"og:description\" content=\"Xmas plastic carousel with light music &#038; movement 21x38cm by A.I. Decorations\u00ae\" \/>\n<meta property=\"og:url\" content=\"https:\/\/avazu.gr\/en\/product\/xmas-plastic-carousel-with-light-music-movement-21x38cm-by-a-i-decorations\/\" \/>\n<meta property=\"og:site_name\" content=\"Avazu\" \/>\n<meta property=\"article:publisher\" content=\"https:\/\/www.facebook.com\/PapagiannakosDimitrios\" \/>\n<meta property=\"article:modified_time\" content=\"2022-10-11T06:50:35+00:00\" \/>\n<meta property=\"og:image\" content=\"https:\/\/avazu.gr\/wp-content\/uploads\/2022\/10\/74521.jpg\" \/>\n\t<meta property=\"og:image:width\" content=\"1000\" \/>\n\t<meta property=\"og:image:height\" content=\"1000\" \/>\n<meta name=\"twitter:card\" content=\"summary_large_image\" \/>\n<script type=\"application\/ld+json\" class=\"yoast-schema-graph\">{\"@context\":\"https:\/\/schema.org\",\"@graph\":[{\"@type\":[\"Person\",\"Organization\"],\"@id\":\"https:\/\/avazu.gr\/#\/schema\/person\/c83849dfef03bee1493f70e01266bc99\",\"name\":\"avazu\",\"image\":{\"@type\":\"ImageObject\",\"@id\":\"https:\/\/avazu.gr\/#personlogo\",\"inLanguage\":\"en-US\",\"url\":\"https:\/\/secure.gravatar.com\/avatar\/3acc29c7249a0de358fdc8c88eddf8fa?s=96&d=mm&r=g\",\"contentUrl\":\"https:\/\/secure.gravatar.com\/avatar\/3acc29c7249a0de358fdc8c88eddf8fa?s=96&d=mm&r=g\",\"caption\":\"avazu\"},\"logo\":{\"@id\":\"https:\/\/avazu.gr\/#personlogo\"},\"sameAs\":[\"https:\/\/avazu.gr\/\",\"https:\/\/www.facebook.com\/PapagiannakosDimitrios\",\"https:\/\/gr.pinterest.com\/gibagante\/_saved\/\"]},{\"@type\":\"WebSite\",\"@id\":\"https:\/\/avazu.gr\/#website\",\"url\":\"https:\/\/avazu.gr\/\",\"name\":\"Avazu\",\"description\":\"\",\"publisher\":{\"@id\":\"https:\/\/avazu.gr\/#\/schema\/person\/c83849dfef03bee1493f70e01266bc99\"},\"potentialAction\":[{\"@type\":\"SearchAction\",\"target\":{\"@type\":\"EntryPoint\",\"urlTemplate\":\"https:\/\/avazu.gr\/?s={search_term_string}\"},\"query-input\":\"required name=search_term_string\"}],\"inLanguage\":\"en-US\"},{\"@type\":\"ImageObject\",\"@id\":\"https:\/\/avazu.gr\/en\/product\/xmas-plastic-carousel-with-light-music-movement-21x38cm-by-a-i-decorations\/#primaryimage\",\"inLanguage\":\"en-US\",\"url\":\"https:\/\/avazu.gr\/wp-content\/uploads\/2022\/10\/74521.jpg\",\"contentUrl\":\"https:\/\/avazu.gr\/wp-content\/uploads\/2022\/10\/74521.jpg\",\"width\":1000,\"height\":1000},{\"@type\":\"WebPage\",\"@id\":\"https:\/\/avazu.gr\/en\/product\/xmas-plastic-carousel-with-light-music-movement-21x38cm-by-a-i-decorations\/#webpage\",\"url\":\"https:\/\/avazu.gr\/en\/product\/xmas-plastic-carousel-with-light-music-movement-21x38cm-by-a-i-decorations\/\",\"name\":\"Xmas plastic carousel with light music & movement 21x38cm by A.I. Decorations\\u00ae - Avazu\",\"isPartOf\":{\"@id\":\"https:\/\/avazu.gr\/#website\"},\"primaryImageOfPage\":{\"@id\":\"https:\/\/avazu.gr\/en\/product\/xmas-plastic-carousel-with-light-music-movement-21x38cm-by-a-i-decorations\/#primaryimage\"},\"datePublished\":\"2022-10-11T06:45:28+00:00\",\"dateModified\":\"2022-10-11T06:50:35+00:00\",\"breadcrumb\":{\"@id\":\"https:\/\/avazu.gr\/en\/product\/xmas-plastic-carousel-with-light-music-movement-21x38cm-by-a-i-decorations\/#breadcrumb\"},\"inLanguage\":\"en-US\",\"potentialAction\":[{\"@type\":\"ReadAction\",\"target\":[\"https:\/\/avazu.gr\/en\/product\/xmas-plastic-carousel-with-light-music-movement-21x38cm-by-a-i-decorations\/\"]}]},{\"@type\":\"BreadcrumbList\",\"@id\":\"https:\/\/avazu.gr\/en\/product\/xmas-plastic-carousel-with-light-music-movement-21x38cm-by-a-i-decorations\/#breadcrumb\",\"itemListElement\":[{\"@type\":\"ListItem\",\"position\":1,\"name\":\"\\u0391\\u03c1\\u03c7\\u03b9\\u03ba\\u03ae\",\"item\":\"https:\/\/avazu.gr\/en\/\"},{\"@type\":\"ListItem\",\"position\":2,\"name\":\"SHOP\",\"item\":\"https:\/\/avazu.gr\/en\/shop\/\"},{\"@type\":\"ListItem\",\"position\":3,\"name\":\"Xmas plastic carousel with light music &#038; movement 21x38cm by A.I. Decorations\\u00ae\"}]}]}<\/script>\n<!-- \/ Yoast SEO plugin. -->","yoast_head_json":{"title":"Xmas plastic carousel with light music & movement 21x38cm by A.I. Decorations\u00ae - Avazu","robots":{"index":"index","follow":"follow","max-snippet":"max-snippet:-1","max-image-preview":"max-image-preview:large","max-video-preview":"max-video-preview:-1"},"canonical":"https:\/\/avazu.gr\/en\/product\/xmas-plastic-carousel-with-light-music-movement-21x38cm-by-a-i-decorations\/","og_locale":"en_US","og_type":"article","og_title":"Xmas plastic carousel with light music & movement 21x38cm by A.I. Decorations\u00ae - Avazu","og_description":"Xmas plastic carousel with light music &#038; movement 21x38cm by A.I. Decorations\u00ae","og_url":"https:\/\/avazu.gr\/en\/product\/xmas-plastic-carousel-with-light-music-movement-21x38cm-by-a-i-decorations\/","og_site_name":"Avazu","article_publisher":"https:\/\/www.facebook.com\/PapagiannakosDimitrios","article_modified_time":"2022-10-11T06:50:35+00:00","og_image":[{"width":1000,"height":1000,"url":"https:\/\/avazu.gr\/wp-content\/uploads\/2022\/10\/74521.jpg","path":"\/usr\/local\/lsws\/www\/avazu.gr\/html\/wp-content\/uploads\/2022\/10\/74521.jpg","size":"full","id":939901,"alt":"","pixels":1000000,"type":"image\/jpeg"}],"twitter_card":"summary_large_image","schema":{"@context":"https:\/\/schema.org","@graph":[{"@type":["Person","Organization"],"@id":"https:\/\/avazu.gr\/#\/schema\/person\/c83849dfef03bee1493f70e01266bc99","name":"avazu","image":{"@type":"ImageObject","@id":"https:\/\/avazu.gr\/#personlogo","inLanguage":"en-US","url":"https:\/\/secure.gravatar.com\/avatar\/3acc29c7249a0de358fdc8c88eddf8fa?s=96&d=mm&r=g","contentUrl":"https:\/\/secure.gravatar.com\/avatar\/3acc29c7249a0de358fdc8c88eddf8fa?s=96&d=mm&r=g","caption":"avazu"},"logo":{"@id":"https:\/\/avazu.gr\/#personlogo"},"sameAs":["https:\/\/avazu.gr\/","https:\/\/www.facebook.com\/PapagiannakosDimitrios","https:\/\/gr.pinterest.com\/gibagante\/_saved\/"]},{"@type":"WebSite","@id":"https:\/\/avazu.gr\/#website","url":"https:\/\/avazu.gr\/","name":"Avazu","description":"","publisher":{"@id":"https:\/\/avazu.gr\/#\/schema\/person\/c83849dfef03bee1493f70e01266bc99"},"potentialAction":[{"@type":"SearchAction","target":{"@type":"EntryPoint","urlTemplate":"https:\/\/avazu.gr\/?s={search_term_string}"},"query-input":"required name=search_term_string"}],"inLanguage":"en-US"},{"@type":"ImageObject","@id":"https:\/\/avazu.gr\/en\/product\/xmas-plastic-carousel-with-light-music-movement-21x38cm-by-a-i-decorations\/#primaryimage","inLanguage":"en-US","url":"https:\/\/avazu.gr\/wp-content\/uploads\/2022\/10\/74521.jpg","contentUrl":"https:\/\/avazu.gr\/wp-content\/uploads\/2022\/10\/74521.jpg","width":1000,"height":1000},{"@type":"WebPage","@id":"https:\/\/avazu.gr\/en\/product\/xmas-plastic-carousel-with-light-music-movement-21x38cm-by-a-i-decorations\/#webpage","url":"https:\/\/avazu.gr\/en\/product\/xmas-plastic-carousel-with-light-music-movement-21x38cm-by-a-i-decorations\/","name":"Xmas plastic carousel with light music & movement 21x38cm by A.I. Decorations\u00ae - Avazu","isPartOf":{"@id":"https:\/\/avazu.gr\/#website"},"primaryImageOfPage":{"@id":"https:\/\/avazu.gr\/en\/product\/xmas-plastic-carousel-with-light-music-movement-21x38cm-by-a-i-decorations\/#primaryimage"},"datePublished":"2022-10-11T06:45:28+00:00","dateModified":"2022-10-11T06:50:35+00:00","breadcrumb":{"@id":"https:\/\/avazu.gr\/en\/product\/xmas-plastic-carousel-with-light-music-movement-21x38cm-by-a-i-decorations\/#breadcrumb"},"inLanguage":"en-US","potentialAction":[{"@type":"ReadAction","target":["https:\/\/avazu.gr\/en\/product\/xmas-plastic-carousel-with-light-music-movement-21x38cm-by-a-i-decorations\/"]}]},{"@type":"BreadcrumbList","@id":"https:\/\/avazu.gr\/en\/product\/xmas-plastic-carousel-with-light-music-movement-21x38cm-by-a-i-decorations\/#breadcrumb","itemListElement":[{"@type":"ListItem","position":1,"name":"\u0391\u03c1\u03c7\u03b9\u03ba\u03ae","item":"https:\/\/avazu.gr\/en\/"},{"@type":"ListItem","position":2,"name":"SHOP","item":"https:\/\/avazu.gr\/en\/shop\/"},{"@type":"ListItem","position":3,"name":"Xmas plastic carousel with light music &#038; movement 21x38cm by A.I. Decorations\u00ae"}]}]}},"jetpack_publicize_connections":[],"jetpack-related-posts":[{"id":941531,"url":"https:\/\/avazu.gr\/en\/product\/xmas-battery-3xaa-carousel-with-light-music-movement-21x21x27cm-by-a-i-decorations\/","url_meta":{"origin":939899,"position":0},"title":"Xmas battery 3xAA carousel with light music &#038; movement 21x21x27cm by A.I. Decorations\u00ae","date":"4 November 2022","format":false,"excerpt":"Xmas battery 3xAA carousel with light music & movement 21x21x27cm by A.I. Decorations\u00ae (\u03a0\u03c1\u03bf\u03c4\u03b5\u03af\u03bd\u03b5\u03c4\u03b1\u03b9 \u03bc\u03cc\u03bd\u03bf \u03c0\u03b1\u03c1\u03b1\u03bb\u03b1\u03b2\u03ae \u03b1\u03c0\u03cc \u03ba\u03b1\u03c4\u03ac\u03c3\u03c4\u03b7\u03bc\u03b1). \u03a4\u03bf \u03b1\u03bd\u03c4\u03b9\u03ba\u03b5\u03af\u03bc\u03b5\u03bd\u03bf \u03b1\u03c5\u03c4\u03cc \u03b1\u03c0\u03bf\u03c3\u03c4\u03ad\u03bb\u03bb\u03b5\u03c4\u03b1\u03b9 \u039c\u039f\u039d\u039f \u03ba\u03b1\u03c4\u03cc\u03c0\u03b9\u03bd \u03c3\u03c5\u03bd\u03b5\u03bd\u03bd\u03cc\u03b7\u03c3\u03b7\u03c2, \u03bc\u03b5 \u03b5\u03c5\u03b8\u03cd\u03bd\u03b7 \u03c4\u03bf\u03c5 \u03c0\u03b5\u03bb\u03ac\u03c4\u03b7 \u03bb\u03cc\u03b3\u03c9 \u03c4\u03b7\u03c2 \u03b5\u03c5\u03b1\u03b9\u03c3\u03b8\u03b7\u03c3\u03af\u03b1\u03c2 \u03c4\u03bf\u03c5 \u03c0\u03c1\u03bf\u03b9\u03cc\u03bd\u03c4\u03bf\u03c2 (\u0395\u03c5\u03b1\u03af\u03c3\u03b8\u03b7\u03c4\u03bf, \u03c3\u03c0\u03ac\u03b5\u03b9 \u03b5\u03cd\u03ba\u03bf\u03bb\u03b1). \u03a7\u03c1\u03b9\u03c3\u03c4\u03bf\u03c5\u03b3\u03b5\u03bd\u03bd\u03b9\u03ac\u03c4\u03b9\u03ba\u03bf chain \u03ba\u03b1\u03c1\u03bf\u03c5\u03b6\u03ad\u03bb \u03bc\u03b5 \u03c0\u03b1\u03b9\u03b4\u03ac\u03ba\u03b9\u03b1. \u0388\u03c7\u03b5\u03b9 \u03c6\u03c9\u03c2 \u03c3\u03b5 \u03b1\u03c1\u03ba\u03b5\u03c4\u03ac \u03c3\u03b7\u03bc\u03b5\u03af\u03b1 \u03b3\u03c5\u03c1\u03bd\u03ac\u03b5\u03b9 \u03b3\u03cd\u03c1\u03c9 \u03b3\u03cd\u03c1\u03c9\u2026","rel":"","context":"Similar post","img":{"alt_text":"","src":"https:\/\/i2.wp.com\/avazu.gr\/wp-content\/uploads\/2022\/11\/78589-1.jpg?resize=350%2C200&ssl=1","width":350,"height":200},"classes":[]},{"id":941585,"url":"https:\/\/avazu.gr\/en\/product\/xmas-luna-park-with-ferris-wheel-carousel-castle-with-light-music-movement-39x51x39cm-by-a-i-decorations\/","url_meta":{"origin":939899,"position":1},"title":"Xmas Luna Park with Ferris Wheel Carousel &#038; castle with light music &#038; movement 39x51x39cm by A.I. Decorations\u00ae","date":"4 November 2022","format":false,"excerpt":"Xmas Luna Park with Ferris Wheel Carousel & castle with light music & movement 39x51x39cm by A.I. Decorations\u00ae (\u03a0\u03c1\u03bf\u03c4\u03b5\u03af\u03bd\u03b5\u03c4\u03b1\u03b9 \u03bc\u03cc\u03bd\u03bf \u03c0\u03b1\u03c1\u03b1\u03bb\u03b1\u03b2\u03ae \u03b1\u03c0\u03cc \u03ba\u03b1\u03c4\u03ac\u03c3\u03c4\u03b7\u03bc\u03b1). \u03a4\u03bf \u03b1\u03bd\u03c4\u03b9\u03ba\u03b5\u03af\u03bc\u03b5\u03bd\u03bf \u03b1\u03c5\u03c4\u03cc \u03b1\u03c0\u03bf\u03c3\u03c4\u03ad\u03bb\u03bb\u03b5\u03c4\u03b1\u03b9 \u039c\u039f\u039d\u039f \u03ba\u03b1\u03c4\u03cc\u03c0\u03b9\u03bd \u03c3\u03c5\u03bd\u03b5\u03bd\u03bd\u03cc\u03b7\u03c3\u03b7\u03c2, \u03bc\u03b5 \u03b5\u03c5\u03b8\u03cd\u03bd\u03b7 \u03c4\u03bf\u03c5 \u03c0\u03b5\u03bb\u03ac\u03c4\u03b7 \u03bb\u03cc\u03b3\u03c9 \u03c4\u03b7\u03c2 \u03b5\u03c5\u03b1\u03b9\u03c3\u03b8\u03b7\u03c3\u03af\u03b1\u03c2 \u03c4\u03bf\u03c5 \u03c0\u03c1\u03bf\u03b9\u03cc\u03bd\u03c4\u03bf\u03c2 (\u0395\u03c5\u03b1\u03af\u03c3\u03b8\u03b7\u03c4\u03bf, \u03c3\u03c0\u03ac\u03b5\u03b9 \u03b5\u03cd\u03ba\u03bf\u03bb\u03b1). \u03a7\u03c1\u03b9\u03c3\u03c4\u03bf\u03c5\u03b3\u03b5\u03bd\u03bd\u03b9\u03ac\u03c4\u03b9\u03ba\u03bf \u03b5\u03bd\u03c4\u03c5\u03c0\u03c9\u03c3\u03b9\u03b1\u03ba\u03cc \u03c3\u03ba\u03b7\u03bd\u03b9\u03ba\u03cc luna park \u03bc\u03b5 \u03ba\u03ac\u03c3\u03c4\u03c1\u03bf \u03ba\u03b1\u03b9\u2026","rel":"","context":"Similar post","img":{"alt_text":"","src":"https:\/\/i1.wp.com\/avazu.gr\/wp-content\/uploads\/2022\/11\/74757-1-1.jpg?resize=350%2C200&ssl=1","width":350,"height":200},"classes":[]},{"id":940064,"url":"https:\/\/avazu.gr\/en\/product\/xmas-tree-with-carousel-ferris-wheel-with-light-music-movement-35x35x51cm-by-a-i-decorations\/","url_meta":{"origin":939899,"position":2},"title":"Xmas tree with carousel &#038; Ferris Wheel with light music &#038; movement 35x35x51cm by A.I. Decorations\u00ae","date":"12 October 2022","format":false,"excerpt":"Xmas tree with carousel & Ferris Wheel with light music & movement 35x35x51cm by A.I. Decorations\u00ae (\u03a0\u03c1\u03bf\u03c4\u03b5\u03af\u03bd\u03b5\u03c4\u03b1\u03b9 \u03bc\u03cc\u03bd\u03bf \u03c0\u03b1\u03c1\u03b1\u03bb\u03b1\u03b2\u03ae \u03b1\u03c0\u03cc \u03ba\u03b1\u03c4\u03ac\u03c3\u03c4\u03b7\u03bc\u03b1). \u03a4\u03bf \u03b1\u03bd\u03c4\u03b9\u03ba\u03b5\u03af\u03bc\u03b5\u03bd\u03bf \u03b1\u03c5\u03c4\u03cc \u03b1\u03c0\u03bf\u03c3\u03c4\u03ad\u03bb\u03bb\u03b5\u03c4\u03b1\u03b9 \u039c\u039f\u039d\u039f \u03ba\u03b1\u03c4\u03cc\u03c0\u03b9\u03bd \u03c3\u03c5\u03bd\u03b5\u03bd\u03bd\u03cc\u03b7\u03c3\u03b7\u03c2, \u03bc\u03b5 \u03b5\u03c5\u03b8\u03cd\u03bd\u03b7 \u03c4\u03bf\u03c5 \u03c0\u03b5\u03bb\u03ac\u03c4\u03b7 \u03bb\u03cc\u03b3\u03c9 \u03c4\u03b7\u03c2 \u03b5\u03c5\u03b1\u03b9\u03c3\u03b8\u03b7\u03c3\u03af\u03b1\u03c2 \u03c4\u03bf\u03c5 \u03c0\u03c1\u03bf\u03b9\u03cc\u03bd\u03c4\u03bf\u03c2 (\u0395\u03c5\u03b1\u03af\u03c3\u03b8\u03b7\u03c4\u03bf, \u03c3\u03c0\u03ac\u03b5\u03b9 \u03b5\u03cd\u03ba\u03bf\u03bb\u03b1).","rel":"","context":"Similar post","img":{"alt_text":"","src":"https:\/\/i0.wp.com\/avazu.gr\/wp-content\/uploads\/2022\/10\/78540.jpg?resize=350%2C200&ssl=1","width":350,"height":200},"classes":[]},{"id":940056,"url":"https:\/\/avazu.gr\/en\/product\/xmas-market-village-with-light-music-movement-28x18x54cm-by-a-i-decorations-antigrafi\/","url_meta":{"origin":939899,"position":3},"title":"Xmas carousel with light music &#038; movement 25x24x25,5cm by A.I. Decorations\u00ae","date":"12 October 2022","format":false,"excerpt":"Xmas carousel with light music & movement 25x24x25,5cm by A.I. Decorations\u00ae (\u03a0\u03c1\u03bf\u03c4\u03b5\u03af\u03bd\u03b5\u03c4\u03b1\u03b9 \u03bc\u03cc\u03bd\u03bf \u03c0\u03b1\u03c1\u03b1\u03bb\u03b1\u03b2\u03ae \u03b1\u03c0\u03cc \u03ba\u03b1\u03c4\u03ac\u03c3\u03c4\u03b7\u03bc\u03b1). \u03a4\u03bf \u03b1\u03bd\u03c4\u03b9\u03ba\u03b5\u03af\u03bc\u03b5\u03bd\u03bf \u03b1\u03c5\u03c4\u03cc \u03b1\u03c0\u03bf\u03c3\u03c4\u03ad\u03bb\u03bb\u03b5\u03c4\u03b1\u03b9 \u039c\u039f\u039d\u039f \u03ba\u03b1\u03c4\u03cc\u03c0\u03b9\u03bd \u03c3\u03c5\u03bd\u03b5\u03bd\u03bd\u03cc\u03b7\u03c3\u03b7\u03c2, \u03bc\u03b5 \u03b5\u03c5\u03b8\u03cd\u03bd\u03b7 \u03c4\u03bf\u03c5 \u03c0\u03b5\u03bb\u03ac\u03c4\u03b7 \u03bb\u03cc\u03b3\u03c9 \u03c4\u03b7\u03c2 \u03b5\u03c5\u03b1\u03b9\u03c3\u03b8\u03b7\u03c3\u03af\u03b1\u03c2 \u03c4\u03bf\u03c5 \u03c0\u03c1\u03bf\u03b9\u03cc\u03bd\u03c4\u03bf\u03c2 (\u0395\u03c5\u03b1\u03af\u03c3\u03b8\u03b7\u03c4\u03bf, \u03c3\u03c0\u03ac\u03b5\u03b9 \u03b5\u03cd\u03ba\u03bf\u03bb\u03b1).","rel":"","context":"Similar post","img":{"alt_text":"","src":"https:\/\/i2.wp.com\/avazu.gr\/wp-content\/uploads\/2022\/10\/78538.jpg?resize=350%2C200&ssl=1","width":350,"height":200},"classes":[]},{"id":941526,"url":"https:\/\/avazu.gr\/en\/product\/xmas-luna-park-reindeers-with-light-music-movement-30x21x30cm-by-a-i-decorations\/","url_meta":{"origin":939899,"position":4},"title":"Xmas luna park reindeers with light music &#038; movement 30x21x30cm by A.I. Decorations\u00ae","date":"4 November 2022","format":false,"excerpt":"Xmas luna park reindeers with light music & movement 30x21x30cm by A.I. Decorations\u00ae (\u03a0\u03c1\u03bf\u03c4\u03b5\u03af\u03bd\u03b5\u03c4\u03b1\u03b9 \u03bc\u03cc\u03bd\u03bf \u03c0\u03b1\u03c1\u03b1\u03bb\u03b1\u03b2\u03ae \u03b1\u03c0\u03cc \u03ba\u03b1\u03c4\u03ac\u03c3\u03c4\u03b7\u03bc\u03b1). \u03a4\u03bf \u03b1\u03bd\u03c4\u03b9\u03ba\u03b5\u03af\u03bc\u03b5\u03bd\u03bf \u03b1\u03c5\u03c4\u03cc \u03b1\u03c0\u03bf\u03c3\u03c4\u03ad\u03bb\u03bb\u03b5\u03c4\u03b1\u03b9 \u039c\u039f\u039d\u039f \u03ba\u03b1\u03c4\u03cc\u03c0\u03b9\u03bd \u03c3\u03c5\u03bd\u03b5\u03bd\u03bd\u03cc\u03b7\u03c3\u03b7\u03c2, \u03bc\u03b5 \u03b5\u03c5\u03b8\u03cd\u03bd\u03b7 \u03c4\u03bf\u03c5 \u03c0\u03b5\u03bb\u03ac\u03c4\u03b7 \u03bb\u03cc\u03b3\u03c9 \u03c4\u03b7\u03c2 \u03b5\u03c5\u03b1\u03b9\u03c3\u03b8\u03b7\u03c3\u03af\u03b1\u03c2 \u03c4\u03bf\u03c5 \u03c0\u03c1\u03bf\u03b9\u03cc\u03bd\u03c4\u03bf\u03c2 (\u0395\u03c5\u03b1\u03af\u03c3\u03b8\u03b7\u03c4\u03bf, \u03c3\u03c0\u03ac\u03b5\u03b9 \u03b5\u03cd\u03ba\u03bf\u03bb\u03b1). \u03a7\u03c1\u03b9\u03c3\u03c4\u03bf\u03c5\u03b3\u03b5\u03bd\u03bd\u03b9\u03ac\u03c4\u03b9\u03ba\u03bf reindeer flying \u03ba\u03b1\u03c1\u03bf\u03c5\u03b6\u03ad\u03bb \u03bc\u03b5 \u03c0\u03b1\u03b9\u03b4\u03ac\u03ba\u03b9\u03b1. \u0395\u03c7\u03b5\u03b9 \u03c6\u03c9\u03c2 \u03c3\u03b5 \u03b1\u03c1\u03ba\u03b5\u03c4\u03ac \u03c3\u03b7\u03bc\u03b5\u03af\u03b1 \u03b3\u03c5\u03c1\u03bd\u03ac\u03b5\u03b9 \u03b3\u03cd\u03c1\u03c9\u2026","rel":"","context":"Similar post","img":{"alt_text":"","src":"https:\/\/i0.wp.com\/avazu.gr\/wp-content\/uploads\/2022\/11\/78590.jpg?resize=350%2C200&ssl=1","width":350,"height":200},"classes":[]},{"id":950014,"url":"https:\/\/avazu.gr\/en\/product\/xmas-carousel-with-light-music-movement-25x24x255cm-by-a-i-decorations-antigrafi\/","url_meta":{"origin":939899,"position":5},"title":"Xmas carousel with light music &#038; movement 18\u00d722,5\u00d720cm","date":"9 October 2024","format":false,"excerpt":"Xmas carousel with light music & movement 18\u00d722,5\u00d720cm \u03a4\u03cd\u03c0\u03bf\u03c2 \u03bb\u03b1\u03bc\u03c0\u03c4\u03ae\u03c1\u03b1:LED \u03a7\u03c1\u03ce\u03bc\u03b1:\u03a0\u03bf\u03bb\u03cd\u03c7\u03c1\u03c9\u03bc\u03bf\/Multicolor \u03a5\u03bb\u03b9\u03ba\u03cc \u03c0\u03c1\u03bf\u03ca\u03cc\u03bd\u03c4\u03bf\u03c2:\u03a0\u03bb\u03b1\u03c3\u03c4\u03b9\u03ba\u03cc\/Plastic \u03a3\u03c5\u03bd\u03bf\u03bb\u03b9\u03ba\u03cc\u03c2 \u0391\u03c1\u03b9\u03b8\u03bc\u03cc\u03c2 \u039b\u03b1\u03bc\u03c0\u03c4\u03ae\u03c1\u03c9\u03bd\/\u039b\u03b1\u03bc\u03c0\u03ac\u03ba\u03b9\u03b1:13 \u03a7\u03c1\u03ce\u03bc\u03b1 \u03bb\u03b1\u03bc\u03c0\u03c4\u03ae\u03c1\u03b1:\u03a7\u03c1\u03c9\u03bc\u03b1\u03c4\u03b9\u03c3\u03c4\u03cc\/Multi \u039c\u03ad\u03b3\u03b5\u03b8\u03bf\u03c2 \u03bb\u03b1\u03bc\u03c0\u03c4\u03ae\u03c1\u03b1 (mm):3 \u0391\u03c3\u03cd\u03c1\u03bc\u03b1\u03c4\u03b7 \u03c3\u03cd\u03bd\u03b4\u03b5\u03c3\u03b7:\u038c\u03c7\u03b9\/No \u039c\u03ae\u03ba\u03bf\u03c2 (cm):18 \u038e\u03c8\u03bf\u03c2 (cm):20 \u03a0\u03bb\u03ac\u03c4\u03bf\u03c2 (cm):22,5 \u03a0\u03c1\u03bf\u03ad\u03ba\u03c4\u03b1\u03c3\u03b7 \u03c0\u03b1\u03c1\u03bf\u03c7\u03ae\u03c2 (cm):180 \u03a4\u03c1\u03bf\u03c6\u03bf\u03b4\u03bf\u03c3\u03af\u03b1:\u039c\u03b5\u03c4\u03b1\u03c3\u03c7\u03b7\u03bc\u03b1\u03c4\u03b9\u03c3\u03c4\u03ae\u03c2 \u03ba\u03b1\u03b9 \u03bc\u03c0\u03b1\u03c4\u03b1\u03c1\u03af\u03b1\/Adaptor and battery operated \u03a4\u03cd\u03c0\u03bf\u03c2 \u039c\u03c0\u03b1\u03c4\u03b1\u03c1\u03af\u03b1\u03c2:AA \u0391\u03c1\u03b9\u03b8\u03bc\u03cc\u03c2 \u039c\u03c0\u03b1\u03c4\u03b1\u03c1\u03b9\u03ce\u03bd:3 \u0395\u03af\u03c3\u03bf\u03b4\u03bf\u03c2\/\u0388\u03be\u03bf\u03b4\u03bf\u03c2 \u039c\u03b5\u03c4\u03b1\u03c3\u03c7\u03b7\u03bc\u03b1\u03c4\u03b9\u03c3\u03c4\u03ae:INPUT:100-240VAC 50\/60HZ OUTPUT:4.5V,800MA Watt \u039c\u03b5\u03c4\u03b1\u03c3\u03c7\u03b7\u03bc\u03b1\u03c4\u03b9\u03c3\u03c4\u03ae:3,6 Volt_Amber_Watt\/Led \u03ae\u2026","rel":"","context":"Similar post","img":{"alt_text":"","src":"https:\/\/i0.wp.com\/avazu.gr\/wp-content\/uploads\/2024\/10\/600-45804_1.jpeg?resize=350%2C200&ssl=1","width":350,"height":200},"classes":[]}],"jetpack_sharing_enabled":true,"jetpack_likes_enabled":true,"_links":{"self":[{"href":"https:\/\/avazu.gr\/en\/wp-json\/wp\/v2\/product\/939899"}],"collection":[{"href":"https:\/\/avazu.gr\/en\/wp-json\/wp\/v2\/product"}],"about":[{"href":"https:\/\/avazu.gr\/en\/wp-json\/wp\/v2\/types\/product"}],"replies":[{"embeddable":true,"href":"https:\/\/avazu.gr\/en\/wp-json\/wp\/v2\/comments?post=939899"}],"wp:featuredmedia":[{"embeddable":true,"href":"https:\/\/avazu.gr\/en\/wp-json\/wp\/v2\/media\/939901"}],"wp:attachment":[{"href":"https:\/\/avazu.gr\/en\/wp-json\/wp\/v2\/media?parent=939899"}],"wp:term":[{"taxonomy":"product_cat","embeddable":true,"href":"https:\/\/avazu.gr\/en\/wp-json\/wp\/v2\/product_cat?post=939899"},{"taxonomy":"product_tag","embeddable":true,"href":"https:\/\/avazu.gr\/en\/wp-json\/wp\/v2\/product_tag?post=939899"}],"curies":[{"name":"wp","href":"https:\/\/api.w.org\/{rel}","templated":true}]}}