{"id":945632,"date":"2023-03-27T13:28:32","date_gmt":"2023-03-27T10:28:33","guid":{"rendered":"https:\/\/avazu.gr\/?post_type=product&#038;p=945632"},"modified":"2023-03-27T13:38:47","modified_gmt":"2023-03-27T10:38:47","slug":"crystal-24-liquor-whiskey-decanter-kathrene-070lt-27cm-by-bohemia","status":"publish","type":"product","link":"https:\/\/avazu.gr\/en\/product\/crystal-24-liquor-whiskey-decanter-kathrene-070lt-27cm-by-bohemia\/","title":{"rendered":"Crystal 24% liquor whiskey decanter Kathrene 0,70lt 27cm by Bohemia\u00ae"},"content":{"rendered":"<p><iframe title=\"GLASS FACTORY CRYSTAL BOHEMIA, A.S.\" width=\"1100\" height=\"619\" src=\"https:\/\/www.youtube.com\/embed\/4fWHosWNdE4?feature=oembed\" frameborder=\"0\" allow=\"accelerometer; autoplay; clipboard-write; encrypted-media; gyroscope; picture-in-picture; web-share\" allowfullscreen><\/iframe><\/p>\n<p>Crystal 24% liquor whiskey decanter Kathrene 0,70lt 27cm by Bohemia\u00ae<\/p>\n<p>&nbsp;<\/p>\n<p><em><strong>\u03a4\u03bf \u03b1\u03bd\u03c4\u03b9\u03ba\u03b5\u03af\u03bc\u03b5\u03bd\u03bf \u03b1\u03c5\u03c4\u03cc \u03b1\u03c0\u03bf\u03c3\u03c4\u03ad\u03bb\u03bb\u03b5\u03c4\u03b1\u03b9 \u039c\u039f\u039d\u039f \u03ba\u03b1\u03c4\u03cc\u03c0\u03b9\u03bd \u03c3\u03c5\u03bd\u03b5\u03bd\u03bd\u03cc\u03b7\u03c3\u03b7\u03c2, \u03bc\u03b5 \u03b5\u03c5\u03b8\u03cd\u03bd\u03b7 \u03c4\u03bf\u03c5 \u03c0\u03b5\u03bb\u03ac\u03c4\u03b7 \u03bb\u03cc\u03b3\u03c9 \u03c4\u03b7\u03c2 \u03b5\u03c5\u03b1\u03b9\u03c3\u03b8\u03b7\u03c3\u03af\u03b1\u03c2 \u03c4\u03bf\u03c5 \u03c0\u03c1\u03bf\u03b9\u03cc\u03bd\u03c4\u03bf\u03c2 (\u0395\u03c5\u03b1\u03af\u03c3\u03b8\u03b7\u03c4\u03bf, \u03c3\u03c0\u03ac\u03b5\u03b9 \u03b5\u03cd\u03ba\u03bf\u03bb\u03b1).<\/strong><\/em><\/p>\n<p>PRODUCT DETAILS<\/p>\n<p>Modern whiskey decanter made of smooth crystal glass.<br \/>\nThe carafe has a capacity of 700 ml (according to the manufacturer), the actual capacity is 600 ml.<br \/>\nHeight 27 cm.<\/p>\n<p>The decanter is made of crystal glass (24% PbO) and packed in a navy blue box.<\/p>\n<p>CRYSTAL BOHEMIA continues the legacy of the extraordinary tradition of Czech crystal glass, which dates back to the beginning of the 18th century. Czech crystal glass is one of the best in the world, it is a guarantee of quality that is characterized by beauty, style and utility. The glassworks in Podebrady was established in the second half of the 19th century. Many years of tradition, a wide range of products, creative designers and high standards are the main features of this manufacturer. Currently, CRYSTAL BOHEMIA is one of the world&#8217;s leading producers of lead crystal (it produces 24% Pb noble lead glass). It has two production plants, in Pod\u011bbrady and in Sv\u011btl\u00e1 nad S\u00e1zavou &#8211; they are collectively called CRYSTAL BOHEMIA. Thanks to this, it provides customers with a wide range of utility, table, beverage and decorative glass.<br \/>\nProducer : \tCrystal BOHEMIA<br \/>\nCollection : \tKathrene<br \/>\nMaking : \tCrystal glass &#8211; 24% PbO<br \/>\nItem code : \tCB-WI-NS-44600<br \/>\nfactory code : \t290\/41766\/1\/00000\/070-109<br \/>\nParametry: : \tVolume 700 ml | Height: 205mm | Weight +\/-: 3.00 kg<br \/>\nBox of : \t1 pc | Dark blue box<br \/>\nWashing : \t<strong>Dishwasher safe<\/strong><br \/>\n\tMade in Bohemia<\/p>\n<p><strong>CARE &#038; MAINTENANCE<\/strong><\/p>\n<p>    <strong>Dishwasher safe<\/strong><\/p>\n<p>    smooth (non-treated) products are dishwasher safe. However, use a delicate program and a temperature of no more than 60 \u00b0 C.<br \/>\n    Use mild dishwashing liquids. This also applies to the rinse aid. Pay attention to the water hardness and balance it with regenerative salt. Due to the use of strong cleaning agents and increased water hardness, glass damage (tarnishing) can occur.<br \/>\n    inserting dishes into the dishwasher, make sure that the glass products do not lie on top of each other or touch other dishes. There is a risk that they may scratch or crack during the washing cycle (hitting or rubbing against other dishes)<br \/>\n    after the washing cycle is completed, open the dishwasher door as soon as possible; condensed vapors in the dishwasher have a negative effect on glass<br \/>\n    in general, the manufacturer does not recommend regularly washing this glass in the dishwasher; rather occasionally<\/p>\n<p>    products decorated with gold, platinum or colored with any color cannot be washed in a dishwasher<br \/>\n    such products should be washed by hand in lukewarm water, using a soft sponge and mild, non-aggressive detergent. After washing, wipe the glass with a soft cloth.<\/p>\n","protected":false},"excerpt":{"rendered":"<p>Crystal 24% liquor whiskey decanter Kathrene 0,70lt 27cm by Bohemia\u00ae &nbsp; \u03a4\u03bf \u03b1\u03bd\u03c4\u03b9\u03ba\u03b5\u03af\u03bc\u03b5\u03bd\u03bf \u03b1\u03c5\u03c4\u03cc \u03b1\u03c0\u03bf\u03c3\u03c4\u03ad\u03bb\u03bb\u03b5\u03c4\u03b1\u03b9 \u039c\u039f\u039d\u039f \u03ba\u03b1\u03c4\u03cc\u03c0\u03b9\u03bd \u03c3\u03c5\u03bd\u03b5\u03bd\u03bd\u03cc\u03b7\u03c3\u03b7\u03c2, \u03bc\u03b5 \u03b5\u03c5\u03b8\u03cd\u03bd\u03b7 \u03c4\u03bf\u03c5 \u03c0\u03b5\u03bb\u03ac\u03c4\u03b7 \u03bb\u03cc\u03b3\u03c9 \u03c4\u03b7\u03c2 \u03b5\u03c5\u03b1\u03b9\u03c3\u03b8\u03b7\u03c3\u03af\u03b1\u03c2 \u03c4\u03bf\u03c5 \u03c0\u03c1\u03bf\u03b9\u03cc\u03bd\u03c4\u03bf\u03c2 (\u0395\u03c5\u03b1\u03af\u03c3\u03b8\u03b7\u03c4\u03bf, \u03c3\u03c0\u03ac\u03b5\u03b9 \u03b5\u03cd\u03ba\u03bf\u03bb\u03b1). PRODUCT DETAILS Modern whiskey decanter made of smooth crystal glass. [&hellip;]<\/p>\n","protected":false},"featured_media":945636,"comment_status":"open","ping_status":"closed","template":"","meta":{"spay_email":"","jetpack_publicize_message":"","jetpack_is_tweetstorm":false},"product_cat":[659,1056,508,488],"product_tag":[1043,661,1057,660,4530,1022,662],"acf":[],"yoast_head":"<!-- This site is optimized with the Yoast SEO plugin v17.1 - https:\/\/yoast.com\/wordpress\/plugins\/seo\/ -->\n<title>Crystal 24% liquor whiskey decanter Kathrene 0,70lt 27cm by Bohemia\u00ae - Avazu<\/title>\n<meta name=\"robots\" content=\"index, follow, max-snippet:-1, max-image-preview:large, max-video-preview:-1\" \/>\n<link rel=\"canonical\" href=\"https:\/\/avazu.gr\/en\/product\/krystallini-24-botilia-karafa-kathrene-070lt-27cm-by-bohemia\/\" \/>\n<meta property=\"og:locale\" content=\"en_US\" \/>\n<meta property=\"og:type\" content=\"article\" \/>\n<meta property=\"og:title\" content=\"Crystal 24% liquor whiskey decanter Kathrene 0,70lt 27cm by Bohemia\u00ae\" \/>\n<meta property=\"og:description\" content=\"Crystal 24% liquor whiskey decanter Kathrene 0,70lt 27cm by Bohemia\u00ae\" \/>\n<meta property=\"og:url\" content=\"https:\/\/avazu.gr\/product\/krystallini-24-botilia-karafa-kathrene-070lt-27cm-by-bohemia\/\" \/>\n<meta property=\"og:site_name\" content=\"Avazu\" \/>\n<meta property=\"article:publisher\" content=\"https:\/\/www.facebook.com\/PapagiannakosDimitrios\" \/>\n<meta property=\"article:modified_time\" content=\"2023-03-27T10:38:47+00:00\" \/>\n<meta property=\"og:image\" content=\"https:\/\/avazu.gr\/wp-content\/uploads\/2021\/01\/41049-00000-065-1000x1000h.jpg\" \/>\n<meta name=\"twitter:card\" content=\"summary_large_image\" \/>\n<meta name=\"twitter:label1\" content=\"Est. reading time\" \/>\n\t<meta name=\"twitter:data1\" content=\"2 minutes\" \/>\n<script type=\"application\/ld+json\" class=\"yoast-schema-graph\">{\"@context\":\"https:\/\/schema.org\",\"@graph\":[{\"@type\":[\"Person\",\"Organization\"],\"@id\":\"https:\/\/avazu.gr\/#\/schema\/person\/c83849dfef03bee1493f70e01266bc99\",\"name\":\"avazu\",\"image\":{\"@type\":\"ImageObject\",\"@id\":\"https:\/\/avazu.gr\/#personlogo\",\"inLanguage\":\"en-US\",\"url\":\"https:\/\/secure.gravatar.com\/avatar\/3acc29c7249a0de358fdc8c88eddf8fa?s=96&d=mm&r=g\",\"contentUrl\":\"https:\/\/secure.gravatar.com\/avatar\/3acc29c7249a0de358fdc8c88eddf8fa?s=96&d=mm&r=g\",\"caption\":\"avazu\"},\"logo\":{\"@id\":\"https:\/\/avazu.gr\/#personlogo\"},\"sameAs\":[\"https:\/\/avazu.gr\/\",\"https:\/\/www.facebook.com\/PapagiannakosDimitrios\",\"https:\/\/gr.pinterest.com\/gibagante\/_saved\/\"]},{\"@type\":\"WebSite\",\"@id\":\"https:\/\/avazu.gr\/#website\",\"url\":\"https:\/\/avazu.gr\/\",\"name\":\"Avazu\",\"description\":\"\",\"publisher\":{\"@id\":\"https:\/\/avazu.gr\/#\/schema\/person\/c83849dfef03bee1493f70e01266bc99\"},\"potentialAction\":[{\"@type\":\"SearchAction\",\"target\":{\"@type\":\"EntryPoint\",\"urlTemplate\":\"https:\/\/avazu.gr\/?s={search_term_string}\"},\"query-input\":\"required name=search_term_string\"}],\"inLanguage\":\"en-US\"},{\"@type\":\"ImageObject\",\"@id\":\"https:\/\/avazu.gr\/product\/krystallini-24-botilia-karafa-kathrene-070lt-27cm-by-bohemia\/#primaryimage\",\"inLanguage\":\"en-US\",\"url\":\"\",\"contentUrl\":\"\"},{\"@type\":\"WebPage\",\"@id\":\"https:\/\/avazu.gr\/product\/krystallini-24-botilia-karafa-kathrene-070lt-27cm-by-bohemia\/#webpage\",\"url\":\"https:\/\/avazu.gr\/product\/krystallini-24-botilia-karafa-kathrene-070lt-27cm-by-bohemia\/\",\"name\":\"Crystal 24% liquor whiskey decanter Kathrene 0,70lt 27cm by Bohemia\\u00ae - Avazu\",\"isPartOf\":{\"@id\":\"https:\/\/avazu.gr\/#website\"},\"primaryImageOfPage\":{\"@id\":\"https:\/\/avazu.gr\/product\/krystallini-24-botilia-karafa-kathrene-070lt-27cm-by-bohemia\/#primaryimage\"},\"datePublished\":\"2023-03-27T10:28:33+00:00\",\"dateModified\":\"2023-03-27T10:38:47+00:00\",\"breadcrumb\":{\"@id\":\"https:\/\/avazu.gr\/product\/krystallini-24-botilia-karafa-kathrene-070lt-27cm-by-bohemia\/#breadcrumb\"},\"inLanguage\":\"en-US\",\"potentialAction\":[{\"@type\":\"ReadAction\",\"target\":[\"https:\/\/avazu.gr\/product\/krystallini-24-botilia-karafa-kathrene-070lt-27cm-by-bohemia\/\"]}]},{\"@type\":\"BreadcrumbList\",\"@id\":\"https:\/\/avazu.gr\/product\/krystallini-24-botilia-karafa-kathrene-070lt-27cm-by-bohemia\/#breadcrumb\",\"itemListElement\":[{\"@type\":\"ListItem\",\"position\":1,\"name\":\"\\u0391\\u03c1\\u03c7\\u03b9\\u03ba\\u03ae\",\"item\":\"https:\/\/avazu.gr\/en\/\"},{\"@type\":\"ListItem\",\"position\":2,\"name\":\"SHOP\",\"item\":\"https:\/\/avazu.gr\/en\/shop\/\"},{\"@type\":\"ListItem\",\"position\":3,\"name\":\"Crystal 24% liquor whiskey decanter Kathrene 0,70lt 27cm by Bohemia\\u00ae\"}]}]}<\/script>\n<!-- \/ Yoast SEO plugin. -->","yoast_head_json":{"title":"Crystal 24% liquor whiskey decanter Kathrene 0,70lt 27cm by Bohemia\u00ae - Avazu","robots":{"index":"index","follow":"follow","max-snippet":"max-snippet:-1","max-image-preview":"max-image-preview:large","max-video-preview":"max-video-preview:-1"},"canonical":"https:\/\/avazu.gr\/en\/product\/krystallini-24-botilia-karafa-kathrene-070lt-27cm-by-bohemia\/","og_locale":"en_US","og_type":"article","og_title":"Crystal 24% liquor whiskey decanter Kathrene 0,70lt 27cm by Bohemia\u00ae","og_description":"Crystal 24% liquor whiskey decanter Kathrene 0,70lt 27cm by Bohemia\u00ae","og_url":"https:\/\/avazu.gr\/product\/krystallini-24-botilia-karafa-kathrene-070lt-27cm-by-bohemia\/","og_site_name":"Avazu","article_publisher":"https:\/\/www.facebook.com\/PapagiannakosDimitrios","article_modified_time":"2023-03-27T10:38:47+00:00","og_image":[{"url":"https:\/\/avazu.gr\/wp-content\/uploads\/2021\/01\/41049-00000-065-1000x1000h.jpg"}],"twitter_card":"summary_large_image","twitter_misc":{"Est. reading time":"2 minutes"},"schema":{"@context":"https:\/\/schema.org","@graph":[{"@type":["Person","Organization"],"@id":"https:\/\/avazu.gr\/#\/schema\/person\/c83849dfef03bee1493f70e01266bc99","name":"avazu","image":{"@type":"ImageObject","@id":"https:\/\/avazu.gr\/#personlogo","inLanguage":"en-US","url":"https:\/\/secure.gravatar.com\/avatar\/3acc29c7249a0de358fdc8c88eddf8fa?s=96&d=mm&r=g","contentUrl":"https:\/\/secure.gravatar.com\/avatar\/3acc29c7249a0de358fdc8c88eddf8fa?s=96&d=mm&r=g","caption":"avazu"},"logo":{"@id":"https:\/\/avazu.gr\/#personlogo"},"sameAs":["https:\/\/avazu.gr\/","https:\/\/www.facebook.com\/PapagiannakosDimitrios","https:\/\/gr.pinterest.com\/gibagante\/_saved\/"]},{"@type":"WebSite","@id":"https:\/\/avazu.gr\/#website","url":"https:\/\/avazu.gr\/","name":"Avazu","description":"","publisher":{"@id":"https:\/\/avazu.gr\/#\/schema\/person\/c83849dfef03bee1493f70e01266bc99"},"potentialAction":[{"@type":"SearchAction","target":{"@type":"EntryPoint","urlTemplate":"https:\/\/avazu.gr\/?s={search_term_string}"},"query-input":"required name=search_term_string"}],"inLanguage":"en-US"},{"@type":"ImageObject","@id":"https:\/\/avazu.gr\/product\/krystallini-24-botilia-karafa-kathrene-070lt-27cm-by-bohemia\/#primaryimage","inLanguage":"en-US","url":"","contentUrl":""},{"@type":"WebPage","@id":"https:\/\/avazu.gr\/product\/krystallini-24-botilia-karafa-kathrene-070lt-27cm-by-bohemia\/#webpage","url":"https:\/\/avazu.gr\/product\/krystallini-24-botilia-karafa-kathrene-070lt-27cm-by-bohemia\/","name":"Crystal 24% liquor whiskey decanter Kathrene 0,70lt 27cm by Bohemia\u00ae - Avazu","isPartOf":{"@id":"https:\/\/avazu.gr\/#website"},"primaryImageOfPage":{"@id":"https:\/\/avazu.gr\/product\/krystallini-24-botilia-karafa-kathrene-070lt-27cm-by-bohemia\/#primaryimage"},"datePublished":"2023-03-27T10:28:33+00:00","dateModified":"2023-03-27T10:38:47+00:00","breadcrumb":{"@id":"https:\/\/avazu.gr\/product\/krystallini-24-botilia-karafa-kathrene-070lt-27cm-by-bohemia\/#breadcrumb"},"inLanguage":"en-US","potentialAction":[{"@type":"ReadAction","target":["https:\/\/avazu.gr\/product\/krystallini-24-botilia-karafa-kathrene-070lt-27cm-by-bohemia\/"]}]},{"@type":"BreadcrumbList","@id":"https:\/\/avazu.gr\/product\/krystallini-24-botilia-karafa-kathrene-070lt-27cm-by-bohemia\/#breadcrumb","itemListElement":[{"@type":"ListItem","position":1,"name":"\u0391\u03c1\u03c7\u03b9\u03ba\u03ae","item":"https:\/\/avazu.gr\/en\/"},{"@type":"ListItem","position":2,"name":"SHOP","item":"https:\/\/avazu.gr\/en\/shop\/"},{"@type":"ListItem","position":3,"name":"Crystal 24% liquor whiskey decanter Kathrene 0,70lt 27cm by Bohemia\u00ae"}]}]}},"jetpack_publicize_connections":[],"jetpack-related-posts":[{"id":945735,"url":"https:\/\/avazu.gr\/en\/product\/crystal-24-whiskey-liquor-decanter-070lt-samurai-28cm-by-bohemia\/","url_meta":{"origin":945632,"position":0},"title":"Crystal 24% whiskey liquor decanter 0,70lt Samurai 28cm by Bohemia\u00ae","date":"12 April 2023","format":false,"excerpt":"Crystal 24% whiskey liquor decanter 0,70lt Samurai 28cm by Bohemia\u00ae \u03a4\u03bf \u03b1\u03bd\u03c4\u03b9\u03ba\u03b5\u03af\u03bc\u03b5\u03bd\u03bf \u03b1\u03c5\u03c4\u03cc \u03b1\u03c0\u03bf\u03c3\u03c4\u03ad\u03bb\u03bb\u03b5\u03c4\u03b1\u03b9 \u03bc\u03cc\u03bd\u03bf \u03ba\u03b1\u03c4\u03cc\u03c0\u03b9\u03bd \u03c3\u03c5\u03bd\u03b5\u03bd\u03bd\u03cc\u03b7\u03c3\u03b7\u03c2, \u03bc\u03b5 \u03b5\u03c5\u03b8\u03cd\u03bd\u03b7 \u03c4\u03bf\u03c5 \u03c0\u03b5\u03bb\u03ac\u03c4\u03b7 \u03bb\u03cc\u03b3\u03c9 \u03c4\u03b7\u03c2 \u03b5\u03c5\u03b1\u03b9\u03c3\u03b8\u03b7\u03c3\u03af\u03b1\u03c2 \u03c4\u03bf\u03c5 \u03c0\u03c1\u03bf\u03b9\u03cc\u03bd\u03c4\u03bf\u03c2 (\u0395\u03c5\u03b1\u03af\u03c3\u03b8\u03b7\u03c4\u03bf, \u03c3\u03c0\u03ac\u03b5\u03b9 \u03b5\u03cd\u03ba\u03bf\u03bb\u03b1). PRODUCT DETAILS A unique decanter from the 'Samurai' series. The decanter has a unique shape and unusual decoration - it is\u2026","rel":"","context":"Similar post","img":{"alt_text":"","src":"https:\/\/i2.wp.com\/avazu.gr\/wp-content\/uploads\/2023\/04\/41738-22615-070-Samurai-Bohemia-2.png?resize=350%2C200&ssl=1","width":350,"height":200},"classes":[]},{"id":945631,"url":"https:\/\/avazu.gr\/product\/krystallini-24-botilia-karafa-kathrene-070lt-27cm-by-bohemia\/","url_meta":{"origin":945632,"position":1},"title":"\u039a\u03c1\u03c5\u03c3\u03c4\u03ac\u03bb\u03bb\u03b9\u03bd\u03b7 24% \u03bc\u03c0\u03bf\u03c4\u03af\u03bb\u03b9\u03b1 \u03ba\u03b1\u03c1\u03ac\u03c6\u03b1 Kathrene 0,70lt 27cm by Bohemia\u00ae","date":"27 March 2023","format":false,"excerpt":"\u039a\u03c1\u03c5\u03c3\u03c4\u03ac\u03bb\u03bb\u03b9\u03bd\u03b7 24% \u03bc\u03c0\u03bf\u03c4\u03af\u03bb\u03b9\u03b1 \u03ba\u03b1\u03c1\u03ac\u03c6\u03b1 Kathrene 0,70lt 27cm by Bohemia\u00ae \u00a0 \u03a4\u03bf \u03b1\u03bd\u03c4\u03b9\u03ba\u03b5\u03af\u03bc\u03b5\u03bd\u03bf \u03b1\u03c5\u03c4\u03cc \u03b1\u03c0\u03bf\u03c3\u03c4\u03ad\u03bb\u03bb\u03b5\u03c4\u03b1\u03b9 \u039c\u039f\u039d\u039f \u03ba\u03b1\u03c4\u03cc\u03c0\u03b9\u03bd \u03c3\u03c5\u03bd\u03b5\u03bd\u03bd\u03cc\u03b7\u03c3\u03b7\u03c2, \u03bc\u03b5 \u03b5\u03c5\u03b8\u03cd\u03bd\u03b7 \u03c4\u03bf\u03c5 \u03c0\u03b5\u03bb\u03ac\u03c4\u03b7 \u03bb\u03cc\u03b3\u03c9 \u03c4\u03b7\u03c2 \u03b5\u03c5\u03b1\u03b9\u03c3\u03b8\u03b7\u03c3\u03af\u03b1\u03c2 \u03c4\u03bf\u03c5 \u03c0\u03c1\u03bf\u03b9\u03cc\u03bd\u03c4\u03bf\u03c2 (\u0395\u03c5\u03b1\u03af\u03c3\u03b8\u03b7\u03c4\u03bf, \u03c3\u03c0\u03ac\u03b5\u03b9 \u03b5\u03cd\u03ba\u03bf\u03bb\u03b1). PRODUCT DETAILS Modern whiskey decanter made of smooth crystal glass. The carafe has a capacity of 700 ml (according to the\u2026","rel":"","context":"Similar post","img":{"alt_text":"41766 00000 070 1","src":"https:\/\/i1.wp.com\/avazu.gr\/wp-content\/uploads\/2023\/03\/41766_00000_070-1.png?resize=350%2C200&ssl=1","width":350,"height":200},"classes":[]},{"id":6997,"url":"https:\/\/avazu.gr\/en\/product\/crystal-24-liquor-decanter-alexandra-27cm-by-bohemia\/","url_meta":{"origin":945632,"position":2},"title":"Crystal 24% liquor decanter Victoria 0.75lt by Bohemia","date":"17 January 2021","format":false,"excerpt":"Crystal 24% liquor decanter Victoria 0.75lt by Bohemia \u00a0 Bohemia Crystal Factory was founded in the late 19th century in the small Czech town of Podebrady near Prague. The founders of glass crafts in this city Gerhardt were brothers, they were able to create a production based on the most\u2026","rel":"","context":"Similar post","img":{"alt_text":"","src":"https:\/\/i0.wp.com\/avazu.gr\/wp-content\/uploads\/2021\/01\/bohemia-kristallini-karafa-victoria.jpg?resize=350%2C200&ssl=1","width":350,"height":200},"classes":[]},{"id":951399,"url":"https:\/\/avazu.gr\/en\/product\/crystal-24-wine-whiskey-decanter-070lt-constantine-97x165x25cm-by-bohemia-czech-republic\/","url_meta":{"origin":945632,"position":3},"title":"Crystal 24% wine whiskey decanter 0,70lt Constantine 9,7&#215;16,5x25cm by Bohemia Czech Republic\u00ae","date":"18 August 2025","format":false,"excerpt":"Crystal 24% wine whiskey decanter 0,70lt Constantine 9,7x16,5x25cm by Bohemia Czech Republic\u00ae \u039a\u03b1\u03c4\u03b1\u03c3\u03ba\u03b5\u03c5\u03b1\u03c3\u03bc\u03ad\u03bd\u03b7 \u03b1\u03c0\u03bf \u039a\u03c1\u03cd\u03c3\u03c4\u03b1\u03bb\u03bb\u03bf 24%. \u03a3\u03b5 \u03c5\u03c0\u03ad\u03c1\u03bf\u03c7\u03bf \u03ba\u03bb\u03b1\u03c3\u03b9\u03ba\u03cc \u03c3\u03c7\u03ad\u03b4\u03b9\u03bf. \u039c\u03ad\u03b3\u03b5\u03b8\u03bf\u03c2: \u03cd\u03c8\u03bf\u03c2 (\u03bc\u03b5 \u03ba\u03b1\u03c0\u03ac\u03ba\u03b9) 25cm \u03a7\u03c9\u03c1\u03b7\u03c4\u03b9\u03ba\u03cc\u03c4\u03b7\u03c4\u03b1 700ml. PRODUCT DETAILS A unique decanter from the 'Constantine' series. The decanter has a unique shape and unusual decoration. Capacity: 700 ml (capacity stated\u2026","rel":"","context":"Similar post","img":{"alt_text":"","src":"https:\/\/i0.wp.com\/avazu.gr\/wp-content\/uploads\/2025\/08\/4371658799070-109-Constantine-43716-scaled.jpeg?resize=350%2C200&ssl=1","width":350,"height":200},"classes":[]},{"id":945734,"url":"https:\/\/avazu.gr\/product\/botilia-ouisky-krystallini-24-070lt-samurai-28cm-by-bohemia\/","url_meta":{"origin":945632,"position":4},"title":"\u039c\u03c0\u03bf\u03c4\u03af\u03bb\u03b9\u03b1 \u03bf\u03c5\u03af\u03c3\u03ba\u03c5 \u03ba\u03c1\u03c5\u03c3\u03c4\u03ac\u03bb\u03bb\u03b9\u03bd\u03b7 24% 0,70lt Samurai 28cm by Bohemia\u00ae","date":"12 April 2023","format":false,"excerpt":"\u039c\u03c0\u03bf\u03c4\u03af\u03bb\u03b9\u03b1 \u03bf\u03c5\u03af\u03c3\u03ba\u03c5 \u03ba\u03c1\u03c5\u03c3\u03c4\u03ac\u03bb\u03bb\u03b9\u03bd\u03b7 24% 0,70lt Samurai 28cm by Bohemia\u00ae \u03a4\u03bf \u03b1\u03bd\u03c4\u03b9\u03ba\u03b5\u03af\u03bc\u03b5\u03bd\u03bf \u03b1\u03c5\u03c4\u03cc \u03b1\u03c0\u03bf\u03c3\u03c4\u03ad\u03bb\u03bb\u03b5\u03c4\u03b1\u03b9 \u03bc\u03cc\u03bd\u03bf \u03ba\u03b1\u03c4\u03cc\u03c0\u03b9\u03bd \u03c3\u03c5\u03bd\u03b5\u03bd\u03bd\u03cc\u03b7\u03c3\u03b7\u03c2, \u03bc\u03b5 \u03b5\u03c5\u03b8\u03cd\u03bd\u03b7 \u03c4\u03bf\u03c5 \u03c0\u03b5\u03bb\u03ac\u03c4\u03b7 \u03bb\u03cc\u03b3\u03c9 \u03c4\u03b7\u03c2 \u03b5\u03c5\u03b1\u03b9\u03c3\u03b8\u03b7\u03c3\u03af\u03b1\u03c2 \u03c4\u03bf\u03c5 \u03c0\u03c1\u03bf\u03b9\u03cc\u03bd\u03c4\u03bf\u03c2 (\u0395\u03c5\u03b1\u03af\u03c3\u03b8\u03b7\u03c4\u03bf, \u03c3\u03c0\u03ac\u03b5\u03b9 \u03b5\u03cd\u03ba\u03bf\u03bb\u03b1). \u039a\u03b1\u03c4\u03b1\u03c3\u03ba\u03b5\u03c5\u03b1\u03c3\u03bc\u03ad\u03bd\u03b7 \u03b1\u03c0\u03bf \u039a\u03c1\u03cd\u03c3\u03c4\u03b1\u03bb\u03bb\u03bf 24%. \u03a7\u03b5\u03b9\u03c1\u03bf\u03c0\u03bf\u03af\u03b7\u03c4\u03bf \u03c3\u03ba\u03ac\u03bb\u03b9\u03c3\u03bc\u03b1. \u03a3\u03b5 \u03c5\u03c0\u03ad\u03c1\u03bf\u03c7\u03bf \u03ba\u03bb\u03b1\u03c3\u03b9\u03ba\u03cc \u03c3\u03c7\u03ad\u03b4\u03b9\u03bf. \u039c\u03ad\u03b3\u03b5\u03b8\u03bf\u03c2: \u03cd\u03c8\u03bf\u03c2 (\u03bc\u03b5 \u03ba\u03b1\u03c0\u03ac\u03ba\u03b9) 28cm \u03a7\u03c9\u03c1\u03b7\u03c4\u03b9\u03ba\u03cc\u03c4\u03b7\u03c4\u03b1 700ml. PRODUCT DETAILS A unique decanter\u2026","rel":"","context":"Similar post","img":{"alt_text":"41738 22615 070 Samurai Bohemia 2","src":"https:\/\/i2.wp.com\/avazu.gr\/wp-content\/uploads\/2023\/04\/41738-22615-070-Samurai-Bohemia-2.png?resize=350%2C200&ssl=1","width":350,"height":200},"classes":[]},{"id":946429,"url":"https:\/\/avazu.gr\/en\/product\/crystal-24-wine-liquor-decanter-075lt-floral-12x40cm-by-bohemia-czech-republic\/","url_meta":{"origin":945632,"position":5},"title":"Crystal 24% wine liquor decanter 0,75lt Floral 12x40cm by Bohemia Czech Republic\u00ae","date":"16 June 2023","format":false,"excerpt":"Crystal 24% wine liquor decanter 0,75lt Floral 12x40cm by Bohemia Czech Republic\u00ae \u03a4\u03bf \u03b1\u03bd\u03c4\u03b9\u03ba\u03b5\u03af\u03bc\u03b5\u03bd\u03bf \u03b1\u03c5\u03c4\u03cc \u03b1\u03c0\u03bf\u03c3\u03c4\u03ad\u03bb\u03bb\u03b5\u03c4\u03b1\u03b9 \u03bc\u03cc\u03bd\u03bf \u03ba\u03b1\u03c4\u03cc\u03c0\u03b9\u03bd \u03c3\u03c5\u03bd\u03b5\u03bd\u03bd\u03cc\u03b7\u03c3\u03b7\u03c2, \u03bc\u03b5 \u03b5\u03c5\u03b8\u03cd\u03bd\u03b7 \u03c4\u03bf\u03c5 \u03c0\u03b5\u03bb\u03ac\u03c4\u03b7 \u03bb\u03cc\u03b3\u03c9 \u03c4\u03b7\u03c2 \u03b5\u03c5\u03b1\u03b9\u03c3\u03b8\u03b7\u03c3\u03af\u03b1\u03c2 \u03c4\u03bf\u03c5 \u03c0\u03c1\u03bf\u03b9\u03cc\u03bd\u03c4\u03bf\u03c2 (\u0395\u03c5\u03b1\u03af\u03c3\u03b8\u03b7\u03c4\u03bf, \u03c3\u03c0\u03ac\u03b5\u03b9 \u03b5\u03cd\u03ba\u03bf\u03bb\u03b1). \u039a\u03b1\u03c4\u03b1\u03c3\u03ba\u03b5\u03c5\u03b1\u03c3\u03bc\u03ad\u03bd\u03b7 \u03b1\u03c0\u03bf \u039a\u03c1\u03cd\u03c3\u03c4\u03b1\u03bb\u03bb\u03bf 24%. \u03a7\u03b5\u03b9\u03c1\u03bf\u03c0\u03bf\u03af\u03b7\u03c4\u03bf \u03c3\u03ba\u03ac\u03bb\u03b9\u03c3\u03bc\u03b1. \u03a3\u03b5 \u03c5\u03c0\u03ad\u03c1\u03bf\u03c7\u03bf \u03ba\u03bb\u03b1\u03c3\u03b9\u03ba\u03cc \u03c3\u03c7\u03ad\u03b4\u03b9\u03bf. \u039c\u03ad\u03b3\u03b5\u03b8\u03bf\u03c2: \u03cd\u03c8\u03bf\u03c2 (\u03bc\u03b5 \u03ba\u03b1\u03c0\u03ac\u03ba\u03b9) 40cm \u03a7\u03c9\u03c1\u03b7\u03c4\u03b9\u03ba\u03cc\u03c4\u03b7\u03c4\u03b1 750ml. PRODUCT DETAILS\u2026","rel":"","context":"Similar post","img":{"alt_text":"","src":"https:\/\/i2.wp.com\/avazu.gr\/wp-content\/uploads\/2023\/06\/43707_72219_075-109-2.jpg?resize=350%2C200&ssl=1","width":350,"height":200},"classes":[]}],"jetpack_sharing_enabled":true,"jetpack_likes_enabled":true,"_links":{"self":[{"href":"https:\/\/avazu.gr\/en\/wp-json\/wp\/v2\/product\/945632"}],"collection":[{"href":"https:\/\/avazu.gr\/en\/wp-json\/wp\/v2\/product"}],"about":[{"href":"https:\/\/avazu.gr\/en\/wp-json\/wp\/v2\/types\/product"}],"replies":[{"embeddable":true,"href":"https:\/\/avazu.gr\/en\/wp-json\/wp\/v2\/comments?post=945632"}],"wp:featuredmedia":[{"embeddable":true,"href":"https:\/\/avazu.gr\/en\/wp-json\/wp\/v2\/media\/945636"}],"wp:attachment":[{"href":"https:\/\/avazu.gr\/en\/wp-json\/wp\/v2\/media?parent=945632"}],"wp:term":[{"taxonomy":"product_cat","embeddable":true,"href":"https:\/\/avazu.gr\/en\/wp-json\/wp\/v2\/product_cat?post=945632"},{"taxonomy":"product_tag","embeddable":true,"href":"https:\/\/avazu.gr\/en\/wp-json\/wp\/v2\/product_tag?post=945632"}],"curies":[{"name":"wp","href":"https:\/\/api.w.org\/{rel}","templated":true}]}}