{"id":950400,"date":"2024-11-29T12:22:55","date_gmt":"2024-11-29T09:22:55","guid":{"rendered":"https:\/\/avazu.gr\/?post_type=product&#038;p=950400"},"modified":"2024-11-29T12:39:20","modified_gmt":"2024-11-29T09:39:20","slug":"porcelain-mug-bon-china-le-cafe-est-pret-12x95cm-330ml-by-konitz","status":"publish","type":"product","link":"https:\/\/avazu.gr\/en\/product\/porcelain-mug-bon-china-le-cafe-est-pret-12x95cm-330ml-by-konitz\/","title":{"rendered":"Porcelain mug Bon China \u00abLe caf\u00e9 est pr\u00eat\u00bb 12&#215;9,5cm 330ml by K\u00f6nitz\u00ae"},"content":{"rendered":"<p>Porcelain mug Bon China \u00abLe caf\u00e9 est pr\u00eat\u00bb 12&#215;9,5cm 330ml by K\u00f6nitz\u00ae<\/p>\n<p><iframe title=\"ASTERIX: THE SECRET OF THE MAGIC POTION | Official Australian Trailer\" width=\"1100\" height=\"619\" src=\"https:\/\/www.youtube.com\/embed\/YAsx2D5YaVI?feature=oembed\" frameborder=\"0\" allow=\"accelerometer; autoplay; clipboard-write; encrypted-media; gyroscope; picture-in-picture; web-share\" referrerpolicy=\"strict-origin-when-cross-origin\" allowfullscreen><\/iframe><\/p>\n<p>Product no. \t11 1 002 2057<br \/>\nBrand \tK\u00f6nitz<br \/>\nMaterial \tPorzellan\/Porcelain<br \/>\nColours \tMulticolored, White, Blue<br \/>\nMotifs \tAsterix &#038; Obelix, People<br \/>\nEvent \tLeisure time, Birthday<br \/>\nWide \t117 mm<br \/>\nHeight \t95 mm<br \/>\nFilling content \t330 ml<br \/>\nWeight \t330 g<br \/>\nNumber of parts \t1<br \/>\nDishwasher safe \tYes<br \/>\nMicrowave safe \tYes<br \/>\nProduct description<\/p>\n<p>Asterix &#8211; Le caf\u00e9 est pr\u00eat: Bring the Power of the Gauls to Your Coffee Enjoyment! Are you an Asterix fan and love the legendary magic potion of the druid Miraculix? Then get a piece of magic into your kitchen with the Asterix &#8211; Le caf\u00e9 est pr\u00eat! Mug from K\u00f6nitz Porcelain! Enjoy your coffee, tea, or cocoa from this high-quality porcelain mug with the popular Asterix motif and let yourself be inspired by the motivating power of the magic potion.<\/p>\n<p>The Asterix &#8211; Le caf\u00e9 est pr\u00eat Mug is the ideal gift for all Asterix fans, comic book lovers, bundles of energy, and anyone who needs a little magic and motivation in their everyday life. Whether for a birthday, Christmas, or just for no reason at all &#8211; this mug will put a smile on everyone&#8217;s face and give them new energy.<\/p>\n<p>The key points:<\/p>\n<p>Brand: K\u00f6nitz<br \/>\nColors: multicolored<br \/>\nMotif: Asterix<br \/>\nOccasion: breakfast, office, gift, birthday<br \/>\nNumber of pieces: 1<br \/>\nShape: Coffee &#038; Tea mug<br \/>\nMicrowave safe: yes<\/p>\n","protected":false},"excerpt":{"rendered":"<p>Porcelain mug Bon China \u00abLe caf\u00e9 est pr\u00eat\u00bb 12&#215;9,5cm 330ml by K\u00f6nitz\u00ae Product no. 11 1 002 2057 Brand K\u00f6nitz Material Porzellan\/Porcelain Colours Multicolored, White, Blue Motifs Asterix &#038; Obelix, People Event Leisure time, Birthday Wide 117 mm Height 95 [&hellip;]<\/p>\n","protected":false},"featured_media":950406,"comment_status":"open","ping_status":"closed","template":"","meta":{"spay_email":"","jetpack_publicize_message":"","jetpack_is_tweetstorm":false},"product_cat":[627,512,488],"product_tag":[2585,5265,1293,5379,5262,5377,5162,5380,5378,631,5264,1841,823],"acf":[],"yoast_head":"<!-- This site is optimized with the Yoast SEO plugin v17.1 - https:\/\/yoast.com\/wordpress\/plugins\/seo\/ -->\n<title>Porcelain mug Bon China \u00abLe caf\u00e9 est pr\u00eat\u00bb 12x9,5cm 330ml by K\u00f6nitz\u00ae - Avazu<\/title>\n<meta name=\"robots\" content=\"index, follow, max-snippet:-1, max-image-preview:large, max-video-preview:-1\" \/>\n<link rel=\"canonical\" href=\"https:\/\/avazu.gr\/en\/product\/koupa-porselanis-bon-china-le-cafe-est-pret-12x95cm-330ml-by-konitz\/\" \/>\n<meta property=\"og:locale\" content=\"en_US\" \/>\n<meta property=\"og:type\" content=\"article\" \/>\n<meta property=\"og:title\" content=\"Porcelain mug Bon China \u00abLe caf\u00e9 est pr\u00eat\u00bb 12x9,5cm 330ml by K\u00f6nitz\u00ae - Avazu\" \/>\n<meta property=\"og:description\" content=\"Porcelain mug Bon China \u00abLe caf\u00e9 est pr\u00eat\u00bb 12&#215;9,5cm 330ml by K\u00f6nitz\u00ae Product no. 11 1 002 2057 Brand K\u00f6nitz Material Porzellan\/Porcelain Colours Multicolored, White, Blue Motifs Asterix &#038; Obelix, People Event Leisure time, Birthday Wide 117 mm Height 95 [&hellip;]\" \/>\n<meta property=\"og:url\" content=\"https:\/\/avazu.gr\/product\/koupa-porselanis-bon-china-le-cafe-est-pret-12x95cm-330ml-by-konitz\/\" \/>\n<meta property=\"og:site_name\" content=\"Avazu\" \/>\n<meta property=\"article:publisher\" content=\"https:\/\/www.facebook.com\/PapagiannakosDimitrios\" \/>\n<meta property=\"article:modified_time\" content=\"2024-11-29T09:39:20+00:00\" \/>\n<meta property=\"og:image\" content=\"https:\/\/avazu.gr\/wp-content\/uploads\/2024\/11\/1110022057.jpeg\" \/>\n\t<meta property=\"og:image:width\" content=\"1677\" \/>\n\t<meta property=\"og:image:height\" content=\"1677\" \/>\n<meta name=\"twitter:card\" content=\"summary_large_image\" \/>\n<meta name=\"twitter:label1\" content=\"Est. reading time\" \/>\n\t<meta name=\"twitter:data1\" content=\"1 minute\" \/>\n<script type=\"application\/ld+json\" class=\"yoast-schema-graph\">{\"@context\":\"https:\/\/schema.org\",\"@graph\":[{\"@type\":[\"Person\",\"Organization\"],\"@id\":\"https:\/\/avazu.gr\/#\/schema\/person\/c83849dfef03bee1493f70e01266bc99\",\"name\":\"avazu\",\"image\":{\"@type\":\"ImageObject\",\"@id\":\"https:\/\/avazu.gr\/#personlogo\",\"inLanguage\":\"en-US\",\"url\":\"https:\/\/secure.gravatar.com\/avatar\/3acc29c7249a0de358fdc8c88eddf8fa?s=96&d=mm&r=g\",\"contentUrl\":\"https:\/\/secure.gravatar.com\/avatar\/3acc29c7249a0de358fdc8c88eddf8fa?s=96&d=mm&r=g\",\"caption\":\"avazu\"},\"logo\":{\"@id\":\"https:\/\/avazu.gr\/#personlogo\"},\"sameAs\":[\"https:\/\/avazu.gr\/\",\"https:\/\/www.facebook.com\/PapagiannakosDimitrios\",\"https:\/\/gr.pinterest.com\/gibagante\/_saved\/\"]},{\"@type\":\"WebSite\",\"@id\":\"https:\/\/avazu.gr\/#website\",\"url\":\"https:\/\/avazu.gr\/\",\"name\":\"Avazu\",\"description\":\"\",\"publisher\":{\"@id\":\"https:\/\/avazu.gr\/#\/schema\/person\/c83849dfef03bee1493f70e01266bc99\"},\"potentialAction\":[{\"@type\":\"SearchAction\",\"target\":{\"@type\":\"EntryPoint\",\"urlTemplate\":\"https:\/\/avazu.gr\/?s={search_term_string}\"},\"query-input\":\"required name=search_term_string\"}],\"inLanguage\":\"en-US\"},{\"@type\":\"ImageObject\",\"@id\":\"https:\/\/avazu.gr\/product\/koupa-porselanis-bon-china-le-cafe-est-pret-12x95cm-330ml-by-konitz\/#primaryimage\",\"inLanguage\":\"en-US\",\"url\":\"https:\/\/avazu.gr\/wp-content\/uploads\/2024\/11\/1110022057.jpeg\",\"contentUrl\":\"https:\/\/avazu.gr\/wp-content\/uploads\/2024\/11\/1110022057.jpeg\",\"width\":1677,\"height\":1677},{\"@type\":\"WebPage\",\"@id\":\"https:\/\/avazu.gr\/product\/koupa-porselanis-bon-china-le-cafe-est-pret-12x95cm-330ml-by-konitz\/#webpage\",\"url\":\"https:\/\/avazu.gr\/product\/koupa-porselanis-bon-china-le-cafe-est-pret-12x95cm-330ml-by-konitz\/\",\"name\":\"Porcelain mug Bon China \\u00abLe caf\\u00e9 est pr\\u00eat\\u00bb 12x9,5cm 330ml by K\\u00f6nitz\\u00ae - Avazu\",\"isPartOf\":{\"@id\":\"https:\/\/avazu.gr\/#website\"},\"primaryImageOfPage\":{\"@id\":\"https:\/\/avazu.gr\/product\/koupa-porselanis-bon-china-le-cafe-est-pret-12x95cm-330ml-by-konitz\/#primaryimage\"},\"datePublished\":\"2024-11-29T09:22:55+00:00\",\"dateModified\":\"2024-11-29T09:39:20+00:00\",\"breadcrumb\":{\"@id\":\"https:\/\/avazu.gr\/product\/koupa-porselanis-bon-china-le-cafe-est-pret-12x95cm-330ml-by-konitz\/#breadcrumb\"},\"inLanguage\":\"en-US\",\"potentialAction\":[{\"@type\":\"ReadAction\",\"target\":[\"https:\/\/avazu.gr\/product\/koupa-porselanis-bon-china-le-cafe-est-pret-12x95cm-330ml-by-konitz\/\"]}]},{\"@type\":\"BreadcrumbList\",\"@id\":\"https:\/\/avazu.gr\/product\/koupa-porselanis-bon-china-le-cafe-est-pret-12x95cm-330ml-by-konitz\/#breadcrumb\",\"itemListElement\":[{\"@type\":\"ListItem\",\"position\":1,\"name\":\"\\u0391\\u03c1\\u03c7\\u03b9\\u03ba\\u03ae\",\"item\":\"https:\/\/avazu.gr\/en\/\"},{\"@type\":\"ListItem\",\"position\":2,\"name\":\"SHOP\",\"item\":\"https:\/\/avazu.gr\/en\/shop\/\"},{\"@type\":\"ListItem\",\"position\":3,\"name\":\"Porcelain mug Bon China \\u00abLe caf\\u00e9 est pr\\u00eat\\u00bb 12&#215;9,5cm 330ml by K\\u00f6nitz\\u00ae\"}]}]}<\/script>\n<!-- \/ Yoast SEO plugin. -->","yoast_head_json":{"title":"Porcelain mug Bon China \u00abLe caf\u00e9 est pr\u00eat\u00bb 12x9,5cm 330ml by K\u00f6nitz\u00ae - Avazu","robots":{"index":"index","follow":"follow","max-snippet":"max-snippet:-1","max-image-preview":"max-image-preview:large","max-video-preview":"max-video-preview:-1"},"canonical":"https:\/\/avazu.gr\/en\/product\/koupa-porselanis-bon-china-le-cafe-est-pret-12x95cm-330ml-by-konitz\/","og_locale":"en_US","og_type":"article","og_title":"Porcelain mug Bon China \u00abLe caf\u00e9 est pr\u00eat\u00bb 12x9,5cm 330ml by K\u00f6nitz\u00ae - Avazu","og_description":"Porcelain mug Bon China \u00abLe caf\u00e9 est pr\u00eat\u00bb 12&#215;9,5cm 330ml by K\u00f6nitz\u00ae Product no. 11 1 002 2057 Brand K\u00f6nitz Material Porzellan\/Porcelain Colours Multicolored, White, Blue Motifs Asterix &#038; Obelix, People Event Leisure time, Birthday Wide 117 mm Height 95 [&hellip;]","og_url":"https:\/\/avazu.gr\/product\/koupa-porselanis-bon-china-le-cafe-est-pret-12x95cm-330ml-by-konitz\/","og_site_name":"Avazu","article_publisher":"https:\/\/www.facebook.com\/PapagiannakosDimitrios","article_modified_time":"2024-11-29T09:39:20+00:00","og_image":[{"width":1677,"height":1677,"url":"https:\/\/avazu.gr\/wp-content\/uploads\/2024\/11\/1110022057.jpeg","path":"\/usr\/local\/lsws\/www\/avazu.gr\/html\/wp-content\/uploads\/2024\/11\/1110022057.jpeg","size":"full","id":950406,"alt":"","pixels":2812329,"type":"image\/jpeg"}],"twitter_card":"summary_large_image","twitter_misc":{"Est. reading time":"1 minute"},"schema":{"@context":"https:\/\/schema.org","@graph":[{"@type":["Person","Organization"],"@id":"https:\/\/avazu.gr\/#\/schema\/person\/c83849dfef03bee1493f70e01266bc99","name":"avazu","image":{"@type":"ImageObject","@id":"https:\/\/avazu.gr\/#personlogo","inLanguage":"en-US","url":"https:\/\/secure.gravatar.com\/avatar\/3acc29c7249a0de358fdc8c88eddf8fa?s=96&d=mm&r=g","contentUrl":"https:\/\/secure.gravatar.com\/avatar\/3acc29c7249a0de358fdc8c88eddf8fa?s=96&d=mm&r=g","caption":"avazu"},"logo":{"@id":"https:\/\/avazu.gr\/#personlogo"},"sameAs":["https:\/\/avazu.gr\/","https:\/\/www.facebook.com\/PapagiannakosDimitrios","https:\/\/gr.pinterest.com\/gibagante\/_saved\/"]},{"@type":"WebSite","@id":"https:\/\/avazu.gr\/#website","url":"https:\/\/avazu.gr\/","name":"Avazu","description":"","publisher":{"@id":"https:\/\/avazu.gr\/#\/schema\/person\/c83849dfef03bee1493f70e01266bc99"},"potentialAction":[{"@type":"SearchAction","target":{"@type":"EntryPoint","urlTemplate":"https:\/\/avazu.gr\/?s={search_term_string}"},"query-input":"required name=search_term_string"}],"inLanguage":"en-US"},{"@type":"ImageObject","@id":"https:\/\/avazu.gr\/product\/koupa-porselanis-bon-china-le-cafe-est-pret-12x95cm-330ml-by-konitz\/#primaryimage","inLanguage":"en-US","url":"https:\/\/avazu.gr\/wp-content\/uploads\/2024\/11\/1110022057.jpeg","contentUrl":"https:\/\/avazu.gr\/wp-content\/uploads\/2024\/11\/1110022057.jpeg","width":1677,"height":1677},{"@type":"WebPage","@id":"https:\/\/avazu.gr\/product\/koupa-porselanis-bon-china-le-cafe-est-pret-12x95cm-330ml-by-konitz\/#webpage","url":"https:\/\/avazu.gr\/product\/koupa-porselanis-bon-china-le-cafe-est-pret-12x95cm-330ml-by-konitz\/","name":"Porcelain mug Bon China \u00abLe caf\u00e9 est pr\u00eat\u00bb 12x9,5cm 330ml by K\u00f6nitz\u00ae - Avazu","isPartOf":{"@id":"https:\/\/avazu.gr\/#website"},"primaryImageOfPage":{"@id":"https:\/\/avazu.gr\/product\/koupa-porselanis-bon-china-le-cafe-est-pret-12x95cm-330ml-by-konitz\/#primaryimage"},"datePublished":"2024-11-29T09:22:55+00:00","dateModified":"2024-11-29T09:39:20+00:00","breadcrumb":{"@id":"https:\/\/avazu.gr\/product\/koupa-porselanis-bon-china-le-cafe-est-pret-12x95cm-330ml-by-konitz\/#breadcrumb"},"inLanguage":"en-US","potentialAction":[{"@type":"ReadAction","target":["https:\/\/avazu.gr\/product\/koupa-porselanis-bon-china-le-cafe-est-pret-12x95cm-330ml-by-konitz\/"]}]},{"@type":"BreadcrumbList","@id":"https:\/\/avazu.gr\/product\/koupa-porselanis-bon-china-le-cafe-est-pret-12x95cm-330ml-by-konitz\/#breadcrumb","itemListElement":[{"@type":"ListItem","position":1,"name":"\u0391\u03c1\u03c7\u03b9\u03ba\u03ae","item":"https:\/\/avazu.gr\/en\/"},{"@type":"ListItem","position":2,"name":"SHOP","item":"https:\/\/avazu.gr\/en\/shop\/"},{"@type":"ListItem","position":3,"name":"Porcelain mug Bon China \u00abLe caf\u00e9 est pr\u00eat\u00bb 12&#215;9,5cm 330ml by K\u00f6nitz\u00ae"}]}]}},"jetpack_publicize_connections":[],"jetpack-related-posts":[{"id":949848,"url":"https:\/\/avazu.gr\/en\/product\/porcelain-mug-bon-china-obelix-tu-es-le-meilleur-10x9cm-380ml-by-konitz\/","url_meta":{"origin":950400,"position":0},"title":"Porcelain mug Bon China Obelix \u00abTu Es Le Meilleur\u00bb 10x9cm 380ml by K\u00f6nitz\u00ae","date":"19 September 2024","format":false,"excerpt":"Porcelain mug Bon China Obelix \u00abTu Es Le Meilleur\u00bb 10x9cm 380ml by K\u00f6nitz\u00ae Product description The \u00abTu Es Le Meilleur\u00bb mug from K\u00f6nitz is a must-have for all fans of the Asterix comic series. The mug is made of high-quality porcelain and holds 380 ml. It is dishwasher and microwave\u2026","rel":"","context":"Similar post","img":{"alt_text":"","src":"https:\/\/i1.wp.com\/avazu.gr\/wp-content\/uploads\/2024\/09\/11-1-134-2588-1.jpeg?resize=350%2C200&ssl=1","width":350,"height":200},"classes":[]},{"id":949876,"url":"https:\/\/avazu.gr\/en\/product\/porcelain-mug-bon-china-asterix-a-lattaque-123x92cm-400ml-by-konitz\/","url_meta":{"origin":950400,"position":1},"title":"Porcelain mug Bon China \u00abAsterix \u2013 A L\u2019attaque!\u00bb 12,3&#215;9,2cm 400ml by K\u00f6nitz\u00ae","date":"19 September 2024","format":false,"excerpt":"Porcelain mug Bon China \u00abAsterix \u2013 A L\u2019attaque!\u00bb 12,3x9,2cm 400ml by K\u00f6nitz\u00ae Product description Immerse yourself in the world of Asterix with the \"A L'attaque\" mug from K\u00f6nitz. Made from high-quality porcelain, this mug holds 400 ml and is perfect for your coffee, tea, or any other refreshment. The vibrant\u2026","rel":"","context":"Similar post","img":{"alt_text":"","src":"https:\/\/i2.wp.com\/avazu.gr\/wp-content\/uploads\/2024\/09\/11-7-275-2046-1-1.jpeg?resize=350%2C200&ssl=1","width":350,"height":200},"classes":[]},{"id":949884,"url":"https:\/\/avazu.gr\/en\/product\/porcelain-mug-bon-china-asterix-im-in-love-123x92cm-400ml-by-konitz\/","url_meta":{"origin":950400,"position":2},"title":"Porcelain mug Bon China \u00abAsterix-I\u2019m in love\u00bb 12,3&#215;9,2cm 400ml by K\u00f6nitz\u00ae","date":"19 September 2024","format":false,"excerpt":"Porcelain mug Bon China \u00abAsterix-I\u2019m in love\u00bb 12,3x9,2cm 400ml by K\u00f6nitz\u00ae Product description Add a touch of romance to your daily routine with the \"Asterix - I'm in Love\" mug from K\u00f6nitz. This delightful mug, made from high-quality porcelain, holds 400 ml and features a heartwarming illustration of a love-struck\u2026","rel":"","context":"Similar post","img":{"alt_text":"","src":"https:\/\/i0.wp.com\/avazu.gr\/wp-content\/uploads\/2024\/09\/11-7-275-2050-1.jpeg?resize=350%2C200&ssl=1","width":350,"height":200},"classes":[]},{"id":949890,"url":"https:\/\/avazu.gr\/en\/product\/porcelain-mug-bon-china-dive-asterix-k-o-123x92cm-400ml-by-konitz\/","url_meta":{"origin":950400,"position":3},"title":"Porcelain mug Bon China Dive \u00abAsterix \u2013 K.O.\u00bb 12,3&#215;9,2cm 400ml by K\u00f6nitz\u00ae","date":"19 September 2024","format":false,"excerpt":"Porcelain mug Bon China Dive \u00abAsterix \u2013 K.O.\u00bb 12,3x9,2cm 400ml by K\u00f6nitz\u00ae Product description Dive into the dynamic world of Asterix with the \"Asterix - K.O.\" mug from K\u00f6nitz. Made of high-quality porcelain, this 400 ml mug features a vibrant design. The exterior showcases action-packed scenes of Asterix and Obelix,\u2026","rel":"","context":"Similar post","img":{"alt_text":"","src":"https:\/\/i2.wp.com\/avazu.gr\/wp-content\/uploads\/2024\/09\/11-7-275-2054-1.jpeg?resize=350%2C200&ssl=1","width":350,"height":200},"classes":[]},{"id":949880,"url":"https:\/\/avazu.gr\/en\/product\/porcelain-mug-bon-china-asterix-nous-sommes-amis-123x92cm-400ml-by-konitz\/","url_meta":{"origin":950400,"position":4},"title":"Porcelain mug Bon China \u00abAsterix \u2013 Nous Sommes Amis&#8230;\u00bb 12,3&#215;9,2cm 400ml by K\u00f6nitz\u00ae","date":"19 September 2024","format":false,"excerpt":"Porcelain mug Bon China \u00abAsterix \u2013 Nous Sommes Amis...\u00bb 12,3x9,2cm 400ml by K\u00f6nitz\u00ae Product description The \u00abAsterix \u2013 Nous Sommes Amis...\u00bb mug from K\u00f6nitz makes every sip a special experience. Made from high-quality porcelain and holding 400 ml, this mug is both practical and decorative. One side features the beloved\u2026","rel":"","context":"Similar post","img":{"alt_text":"","src":"https:\/\/i0.wp.com\/avazu.gr\/wp-content\/uploads\/2024\/09\/11-7-275-2049-1.jpeg?resize=350%2C200&ssl=1","width":350,"height":200},"classes":[]},{"id":949858,"url":"https:\/\/avazu.gr\/en\/product\/porcelain-mug-bon-china-obelix-asterix-latin-127x111cm-490ml-by-konitz\/","url_meta":{"origin":950400,"position":5},"title":"Porcelain mug Bon China Obelix \u00abAsterix-Latin\u00bb 12,7&#215;11,1cm 490ml by K\u00f6nitz\u00ae","date":"19 September 2024","format":false,"excerpt":"Porcelain mug Bon China Obelix \u00abAsterix-Latin\u00bb 12,7x11,1cm 490ml by K\u00f6nitz\u00ae Show your love for Asterix and the brave Gauls with this unique mug and enjoy your hot drink surrounded by the legendary sayings of the comic book heroes! This intricately designed porcelain mug takes you directly to the small Gallic\u2026","rel":"","context":"Similar post","img":{"alt_text":"","src":"https:\/\/i1.wp.com\/avazu.gr\/wp-content\/uploads\/2024\/09\/11-1-330-2419-1.jpeg?resize=350%2C200&ssl=1","width":350,"height":200},"classes":[]}],"jetpack_sharing_enabled":true,"jetpack_likes_enabled":true,"_links":{"self":[{"href":"https:\/\/avazu.gr\/en\/wp-json\/wp\/v2\/product\/950400"}],"collection":[{"href":"https:\/\/avazu.gr\/en\/wp-json\/wp\/v2\/product"}],"about":[{"href":"https:\/\/avazu.gr\/en\/wp-json\/wp\/v2\/types\/product"}],"replies":[{"embeddable":true,"href":"https:\/\/avazu.gr\/en\/wp-json\/wp\/v2\/comments?post=950400"}],"wp:featuredmedia":[{"embeddable":true,"href":"https:\/\/avazu.gr\/en\/wp-json\/wp\/v2\/media\/950406"}],"wp:attachment":[{"href":"https:\/\/avazu.gr\/en\/wp-json\/wp\/v2\/media?parent=950400"}],"wp:term":[{"taxonomy":"product_cat","embeddable":true,"href":"https:\/\/avazu.gr\/en\/wp-json\/wp\/v2\/product_cat?post=950400"},{"taxonomy":"product_tag","embeddable":true,"href":"https:\/\/avazu.gr\/en\/wp-json\/wp\/v2\/product_tag?post=950400"}],"curies":[{"name":"wp","href":"https:\/\/api.w.org\/{rel}","templated":true}]}}